{"id":1980,"date":"2022-03-02T12:09:19","date_gmt":"2022-03-02T05:09:19","guid":{"rendered":"http:\/\/gesd.edu.vn\/?page_id=1980"},"modified":"2022-03-02T12:09:19","modified_gmt":"2022-03-02T05:09:19","slug":"mo-hinh-giao-duc-pho-thong","status":"publish","type":"page","link":"https:\/\/gesd.edu.vn\/en\/mo-hinh-giao-duc-pho-thong\/","title":{"rendered":"M\u00f4 h\u00ecnh Gi\u00e1o d\u1ee5c ph\u1ed5 th\u00f4ng"},"content":{"rendered":"<section  class=\"edmento-elm-section tg-haslayout  default\"  style=\"background-color:rgba(0,0,0,0);background-repeat:no-repeat;background-position:0% 100%; background-size: cover;\"  >\r\n        <div class=\"builder-items\">\r\n                        <div class=\"col-xs-12 col-md-12 builder-column\" >\r\n    <\/div>\r\n        <\/div>\r\n    <\/section>","protected":false},"excerpt":{"rendered":"","protected":false},"author":1,"featured_media":0,"parent":0,"menu_order":0,"comment_status":"closed","ping_status":"closed","template":"","meta":[],"_links":{"self":[{"href":"https:\/\/gesd.edu.vn\/en\/wp-json\/wp\/v2\/pages\/1980"}],"collection":[{"href":"https:\/\/gesd.edu.vn\/en\/wp-json\/wp\/v2\/pages"}],"about":[{"href":"https:\/\/gesd.edu.vn\/en\/wp-json\/wp\/v2\/types\/page"}],"author":[{"embeddable":true,"href":"https:\/\/gesd.edu.vn\/en\/wp-json\/wp\/v2\/users\/1"}],"replies":[{"embeddable":true,"href":"https:\/\/gesd.edu.vn\/en\/wp-json\/wp\/v2\/comments?post=1980"}],"version-history":[{"count":2,"href":"https:\/\/gesd.edu.vn\/en\/wp-json\/wp\/v2\/pages\/1980\/revisions"}],"predecessor-version":[{"id":1982,"href":"https:\/\/gesd.edu.vn\/en\/wp-json\/wp\/v2\/pages\/1980\/revisions\/1982"}],"wp:attachment":[{"href":"https:\/\/gesd.edu.vn\/en\/wp-json\/wp\/v2\/media?parent=1980"}],"curies":[{"name":"wp","href":"https:\/\/api.w.org\/{rel}","templated":true}]}}