{"id":1828,"date":"2021-12-17T15:31:24","date_gmt":"2021-12-17T08:31:24","guid":{"rendered":"http:\/\/gesd.edu.vn\/?page_id=1828"},"modified":"2021-12-17T15:47:24","modified_gmt":"2021-12-17T08:47:24","slug":"hoi-dap-ve-chuong-trinh-sgk","status":"publish","type":"page","link":"https:\/\/gesd.edu.vn\/en\/hoi-dap-ve-chuong-trinh-sgk\/","title":{"rendered":"H\u1ecfi \u0111\u00e1p v\u1ec1 ch\u01b0\u01a1ng tr\u00ecnh, SGK"},"content":{"rendered":"<section id=\"tg-twocolumns-upper\" class=\"tg-twocolumns section-with-sidebar tg-haslayout\">\r\n        <div class=\"col-xs-12 col-sm-8 col-md-9 pull-left\">\r\n            <div id=\"tg-content-upper\" class=\"tg-content tg-haslayout\">\r\n                <section  class=\"edmento-elm-section tg-haslayout hidden-metadata hidden-featuredimg default\"  style=\"background-color:rgba(0,0,0,0);background-repeat:no-repeat;background-position:0% 100%; background-size: cover;\"  >\r\n                    <div class=\"builder-items\">\r\n                        <div class=\"row\">\r\n                                                        <div class=\"col-xs-12 col-md-12 builder-column\" >\r\n    \r\n<div class=\"sc-news tg-haslayout\">\r\n\t\t\t<div class=\"tg-newsandarticle tg-list2\">\r\n\t <div class=\"row\">\r\n\t\t\t\t<div class=\"col-xs-12 col-sm-12 col-md-12 col-lg-12\">\r\n\t\t\t<article class=\"tg-themepost tg-themepostleftthumb\">\t\r\n\t\t\t\t\t\t\t\r\n\t\t\t\t<figure class=\"tg-featuredimg\">\r\n\t\t\t\t\t<a href=\"https:\/\/gesd.edu.vn\/en\/tai-lieu-hoi-dap-ve-chuong-trinh-giao-duc-pho-thong-tong-the\/\">\r\n\t\t\t\t\t\t<img src=\"https:\/\/gesd.edu.vn\/wp-content\/themes\/edmento\/images\/70x70.jpg\" alt=\"News image\">\r\n\t\t\t\t\t<\/a>\r\n\t\t\t\t<\/figure>\r\n\t\t\t\t\t\t\t\t<div class=\"tg-themepostcontent\">\r\n\t\t\t\t\t<ul class=\"tg-matadata\">\r\n\t\t\t\t\t\t<li>\r\n\t\t\t\t\t\t\t\t\t\t\t\t\t\t<a href=\"https:\/\/gesd.edu.vn\/en\/2021\/12\/14\">\r\n\t\t\t\t\t\t\t\t<i class=\"fa fa-calendar\"><\/i>\r\n\t\t\t\t\t\t\t\t<span>14\/12\/2021<\/span>\r\n\t\t\t\t\t\t\t<\/a>\r\n\t\t\t\t\t\t<\/li>\r\n\t\t\t\t\t<\/ul>\r\n\t\t\t\t\t<div class=\"tg-themeposttitle\">\r\n\t\t\t\t\t\t<h3><a href=\"https:\/\/gesd.edu.vn\/en\/tai-lieu-hoi-dap-ve-chuong-trinh-giao-duc-pho-thong-tong-the\/\">T\u00e0i li\u1ec7u H\u1ecfi &#8211; \u0110\u00e1p v\u1ec1 Ch\u01b0\u01a1ng tr\u00ecnh Gi\u00e1o D\u1ee5c Ph\u1ed5 Th\u00f4ng t\u1ed5ng th\u1ec3<\/a><\/h3>\r\n\t\t\t\t\t<\/div>\r\n\t\t\t\t\t\t\t\t\t\t\t<!-- <a class=\"tg-btn tg-btn-sm\" href=\"https:\/\/gesd.edu.vn\/en\/tai-lieu-hoi-dap-ve-chuong-trinh-giao-duc-pho-thong-tong-the\/\">Read More<\/a> -->\r\n\t\t\t\t<\/div>\r\n\t\t\t<\/article>\r\n\t\t<\/div>\t\t\t\r\n\t  \t\t<div class=\"col-xs-12 col-sm-12 col-md-12 col-lg-12\">\r\n\t\t\t<article class=\"tg-themepost tg-themepostleftthumb\">\t\r\n\t\t\t\t\t\t\t\r\n\t\t\t\t<figure class=\"tg-featuredimg\">\r\n\t\t\t\t\t<a href=\"https:\/\/gesd.edu.vn\/en\/tai-lieu-hoi-dap-chuong-trinh-mon-cong-nghe\/\">\r\n\t\t\t\t\t\t<img src=\"https:\/\/gesd.edu.vn\/wp-content\/themes\/edmento\/images\/70x70.jpg\" alt=\"News image\">\r\n\t\t\t\t\t<\/a>\r\n\t\t\t\t<\/figure>\r\n\t\t\t\t\t\t\t\t<div class=\"tg-themepostcontent\">\r\n\t\t\t\t\t<ul class=\"tg-matadata\">\r\n\t\t\t\t\t\t<li>\r\n\t\t\t\t\t\t\t\t\t\t\t\t\t\t<a href=\"https:\/\/gesd.edu.vn\/en\/2021\/12\/14\">\r\n\t\t\t\t\t\t\t\t<i class=\"fa fa-calendar\"><\/i>\r\n\t\t\t\t\t\t\t\t<span>14\/12\/2021<\/span>\r\n\t\t\t\t\t\t\t<\/a>\r\n\t\t\t\t\t\t<\/li>\r\n\t\t\t\t\t<\/ul>\r\n\t\t\t\t\t<div class=\"tg-themeposttitle\">\r\n\t\t\t\t\t\t<h3><a href=\"https:\/\/gesd.edu.vn\/en\/tai-lieu-hoi-dap-chuong-trinh-mon-cong-nghe\/\">T\u00e0i li\u1ec7u h\u1ecfi \u0111\u00e1p ch\u01b0\u01a1ng tr\u00ecnh m\u00f4n c\u00f4ng ngh\u1ec7<\/a><\/h3>\r\n\t\t\t\t\t<\/div>\r\n\t\t\t\t\t\t\t\t\t\t\t<!-- <a class=\"tg-btn tg-btn-sm\" href=\"https:\/\/gesd.edu.vn\/en\/tai-lieu-hoi-dap-chuong-trinh-mon-cong-nghe\/\">Read More<\/a> -->\r\n\t\t\t\t<\/div>\r\n\t\t\t<\/article>\r\n\t\t<\/div>\t\t\t\r\n\t  \t\t<div class=\"col-xs-12 col-sm-12 col-md-12 col-lg-12\">\r\n\t\t\t<article class=\"tg-themepost tg-themepostleftthumb\">\t\r\n\t\t\t\t\t\t\t\r\n\t\t\t\t<figure class=\"tg-featuredimg\">\r\n\t\t\t\t\t<a href=\"https:\/\/gesd.edu.vn\/en\/hoi-dap-ve-chuong-trinh-mon-vat-li\/\">\r\n\t\t\t\t\t\t<img src=\"https:\/\/gesd.edu.vn\/wp-content\/themes\/edmento\/images\/70x70.jpg\" alt=\"News image\">\r\n\t\t\t\t\t<\/a>\r\n\t\t\t\t<\/figure>\r\n\t\t\t\t\t\t\t\t<div class=\"tg-themepostcontent\">\r\n\t\t\t\t\t<ul class=\"tg-matadata\">\r\n\t\t\t\t\t\t<li>\r\n\t\t\t\t\t\t\t\t\t\t\t\t\t\t<a href=\"https:\/\/gesd.edu.vn\/en\/2021\/12\/14\">\r\n\t\t\t\t\t\t\t\t<i class=\"fa fa-calendar\"><\/i>\r\n\t\t\t\t\t\t\t\t<span>14\/12\/2021<\/span>\r\n\t\t\t\t\t\t\t<\/a>\r\n\t\t\t\t\t\t<\/li>\r\n\t\t\t\t\t<\/ul>\r\n\t\t\t\t\t<div class=\"tg-themeposttitle\">\r\n\t\t\t\t\t\t<h3><a href=\"https:\/\/gesd.edu.vn\/en\/hoi-dap-ve-chuong-trinh-mon-vat-li\/\">H\u1ecfi \u0111\u00e1p v\u1ec1 Ch\u01b0\u01a1ng tr\u00ecnh m\u00f4n V\u1eadt L\u00ed<\/a><\/h3>\r\n\t\t\t\t\t<\/div>\r\n\t\t\t\t\t\t\t\t\t\t\t<!-- <a class=\"tg-btn tg-btn-sm\" href=\"https:\/\/gesd.edu.vn\/en\/hoi-dap-ve-chuong-trinh-mon-vat-li\/\">Read More<\/a> -->\r\n\t\t\t\t<\/div>\r\n\t\t\t<\/article>\r\n\t\t<\/div>\t\t\t\r\n\t  \t\t<div class=\"col-xs-12 col-sm-12 col-md-12 col-lg-12\">\r\n\t\t\t<article class=\"tg-themepost tg-themepostleftthumb\">\t\r\n\t\t\t\t\t\t\t\r\n\t\t\t\t<figure class=\"tg-featuredimg\">\r\n\t\t\t\t\t<a href=\"https:\/\/gesd.edu.vn\/en\/hoi-dap-ve-chuong-trinh-mon-tu-nhien-xa-hoi\/\">\r\n\t\t\t\t\t\t<img src=\"https:\/\/gesd.edu.vn\/wp-content\/themes\/edmento\/images\/70x70.jpg\" alt=\"News image\">\r\n\t\t\t\t\t<\/a>\r\n\t\t\t\t<\/figure>\r\n\t\t\t\t\t\t\t\t<div class=\"tg-themepostcontent\">\r\n\t\t\t\t\t<ul class=\"tg-matadata\">\r\n\t\t\t\t\t\t<li>\r\n\t\t\t\t\t\t\t\t\t\t\t\t\t\t<a href=\"https:\/\/gesd.edu.vn\/en\/2021\/12\/14\">\r\n\t\t\t\t\t\t\t\t<i class=\"fa fa-calendar\"><\/i>\r\n\t\t\t\t\t\t\t\t<span>14\/12\/2021<\/span>\r\n\t\t\t\t\t\t\t<\/a>\r\n\t\t\t\t\t\t<\/li>\r\n\t\t\t\t\t<\/ul>\r\n\t\t\t\t\t<div class=\"tg-themeposttitle\">\r\n\t\t\t\t\t\t<h3><a href=\"https:\/\/gesd.edu.vn\/en\/hoi-dap-ve-chuong-trinh-mon-tu-nhien-xa-hoi\/\">H\u1ecfi \u0111\u00e1p v\u1ec1 Ch\u01b0\u01a1ng tr\u00ecnh m\u00f4n T\u1ef1 nhi\u00ean x\u00e3 h\u1ed9i<\/a><\/h3>\r\n\t\t\t\t\t<\/div>\r\n\t\t\t\t\t\t\t\t\t\t\t<!-- <a class=\"tg-btn tg-btn-sm\" href=\"https:\/\/gesd.edu.vn\/en\/hoi-dap-ve-chuong-trinh-mon-tu-nhien-xa-hoi\/\">Read More<\/a> -->\r\n\t\t\t\t<\/div>\r\n\t\t\t<\/article>\r\n\t\t<\/div>\t\t\t\r\n\t  \t\t<div class=\"col-xs-12 col-sm-12 col-md-12 col-lg-12\">\r\n\t\t\t<article class=\"tg-themepost tg-themepostleftthumb\">\t\r\n\t\t\t\t\t\t\t\r\n\t\t\t\t<figure class=\"tg-featuredimg\">\r\n\t\t\t\t\t<a href=\"https:\/\/gesd.edu.vn\/en\/hoi-dap-ve-chuong-trinh-mon-sinh-hoc\/\">\r\n\t\t\t\t\t\t<img src=\"https:\/\/gesd.edu.vn\/wp-content\/themes\/edmento\/images\/70x70.jpg\" alt=\"News image\">\r\n\t\t\t\t\t<\/a>\r\n\t\t\t\t<\/figure>\r\n\t\t\t\t\t\t\t\t<div class=\"tg-themepostcontent\">\r\n\t\t\t\t\t<ul class=\"tg-matadata\">\r\n\t\t\t\t\t\t<li>\r\n\t\t\t\t\t\t\t\t\t\t\t\t\t\t<a href=\"https:\/\/gesd.edu.vn\/en\/2021\/12\/13\">\r\n\t\t\t\t\t\t\t\t<i class=\"fa fa-calendar\"><\/i>\r\n\t\t\t\t\t\t\t\t<span>13\/12\/2021<\/span>\r\n\t\t\t\t\t\t\t<\/a>\r\n\t\t\t\t\t\t<\/li>\r\n\t\t\t\t\t<\/ul>\r\n\t\t\t\t\t<div class=\"tg-themeposttitle\">\r\n\t\t\t\t\t\t<h3><a href=\"https:\/\/gesd.edu.vn\/en\/hoi-dap-ve-chuong-trinh-mon-sinh-hoc\/\">H\u1ecfi \u0111\u00e1p v\u1ec1 Ch\u01b0\u01a1ng tr\u00ecnh m\u00f4n Sinh h\u1ecdc<\/a><\/h3>\r\n\t\t\t\t\t<\/div>\r\n\t\t\t\t\t\t\t\t\t\t\t<!-- <a class=\"tg-btn tg-btn-sm\" href=\"https:\/\/gesd.edu.vn\/en\/hoi-dap-ve-chuong-trinh-mon-sinh-hoc\/\">Read More<\/a> -->\r\n\t\t\t\t<\/div>\r\n\t\t\t<\/article>\r\n\t\t<\/div>\t\t\t\r\n\t  \t\t<div class=\"col-xs-12 col-sm-12 col-md-12 col-lg-12\">\r\n\t\t\t<article class=\"tg-themepost tg-themepostleftthumb\">\t\r\n\t\t\t\t\t\t\t\r\n\t\t\t\t<figure class=\"tg-featuredimg\">\r\n\t\t\t\t\t<a href=\"https:\/\/gesd.edu.vn\/en\/hoi-dap-ve-chuong-trinh-mon-mi-thuat\/\">\r\n\t\t\t\t\t\t<img src=\"https:\/\/gesd.edu.vn\/wp-content\/themes\/edmento\/images\/70x70.jpg\" alt=\"News image\">\r\n\t\t\t\t\t<\/a>\r\n\t\t\t\t<\/figure>\r\n\t\t\t\t\t\t\t\t<div class=\"tg-themepostcontent\">\r\n\t\t\t\t\t<ul class=\"tg-matadata\">\r\n\t\t\t\t\t\t<li>\r\n\t\t\t\t\t\t\t\t\t\t\t\t\t\t<a href=\"https:\/\/gesd.edu.vn\/en\/2021\/12\/13\">\r\n\t\t\t\t\t\t\t\t<i class=\"fa fa-calendar\"><\/i>\r\n\t\t\t\t\t\t\t\t<span>13\/12\/2021<\/span>\r\n\t\t\t\t\t\t\t<\/a>\r\n\t\t\t\t\t\t<\/li>\r\n\t\t\t\t\t<\/ul>\r\n\t\t\t\t\t<div class=\"tg-themeposttitle\">\r\n\t\t\t\t\t\t<h3><a href=\"https:\/\/gesd.edu.vn\/en\/hoi-dap-ve-chuong-trinh-mon-mi-thuat\/\">H\u1ecfi \u0111\u00e1p v\u1ec1 Ch\u01b0\u01a1ng tr\u00ecnh m\u00f4n M\u0129 thu\u1eadt<\/a><\/h3>\r\n\t\t\t\t\t<\/div>\r\n\t\t\t\t\t\t\t\t\t\t\t<!-- <a class=\"tg-btn tg-btn-sm\" href=\"https:\/\/gesd.edu.vn\/en\/hoi-dap-ve-chuong-trinh-mon-mi-thuat\/\">Read More<\/a> -->\r\n\t\t\t\t<\/div>\r\n\t\t\t<\/article>\r\n\t\t<\/div>\t\t\t\r\n\t  \t\t<div class=\"col-xs-12 col-sm-12 col-md-12 col-lg-12\">\r\n\t\t\t<article class=\"tg-themepost tg-themepostleftthumb\">\t\r\n\t\t\t\t\t\t\t\r\n\t\t\t\t<figure class=\"tg-featuredimg\">\r\n\t\t\t\t\t<a href=\"https:\/\/gesd.edu.vn\/en\/hoi-dap-ve-chuong-trinh-mon-hoat-dong-trai-nghiem-va-hoat-dong-trai-nghiep-huong-nghiep\/\">\r\n\t\t\t\t\t\t<img src=\"https:\/\/gesd.edu.vn\/wp-content\/themes\/edmento\/images\/70x70.jpg\" alt=\"News image\">\r\n\t\t\t\t\t<\/a>\r\n\t\t\t\t<\/figure>\r\n\t\t\t\t\t\t\t\t<div class=\"tg-themepostcontent\">\r\n\t\t\t\t\t<ul class=\"tg-matadata\">\r\n\t\t\t\t\t\t<li>\r\n\t\t\t\t\t\t\t\t\t\t\t\t\t\t<a href=\"https:\/\/gesd.edu.vn\/en\/2021\/12\/13\">\r\n\t\t\t\t\t\t\t\t<i class=\"fa fa-calendar\"><\/i>\r\n\t\t\t\t\t\t\t\t<span>13\/12\/2021<\/span>\r\n\t\t\t\t\t\t\t<\/a>\r\n\t\t\t\t\t\t<\/li>\r\n\t\t\t\t\t<\/ul>\r\n\t\t\t\t\t<div class=\"tg-themeposttitle\">\r\n\t\t\t\t\t\t<h3><a href=\"https:\/\/gesd.edu.vn\/en\/hoi-dap-ve-chuong-trinh-mon-hoat-dong-trai-nghiem-va-hoat-dong-trai-nghiep-huong-nghiep\/\">H\u1ecfi \u0111\u00e1p v\u1ec1 Ch\u01b0\u01a1ng tr\u00ecnh m\u00f4n Ho\u1ea1t \u0111\u1ed9ng tr\u1ea3i nghi\u1ec7m v\u00e0 Ho\u1ea1t \u0111\u1ed9ng tr\u1ea3i nghi\u1ec7p, h\u01b0\u1edbng nghi\u1ec7p<\/a><\/h3>\r\n\t\t\t\t\t<\/div>\r\n\t\t\t\t\t\t\t\t\t\t\t<!-- <a class=\"tg-btn tg-btn-sm\" href=\"https:\/\/gesd.edu.vn\/en\/hoi-dap-ve-chuong-trinh-mon-hoat-dong-trai-nghiem-va-hoat-dong-trai-nghiep-huong-nghiep\/\">Read More<\/a> -->\r\n\t\t\t\t<\/div>\r\n\t\t\t<\/article>\r\n\t\t<\/div>\t\t\t\r\n\t  \t\t<div class=\"col-xs-12 col-sm-12 col-md-12 col-lg-12\">\r\n\t\t\t<article class=\"tg-themepost tg-themepostleftthumb\">\t\r\n\t\t\t\t\t\t\t\r\n\t\t\t\t<figure class=\"tg-featuredimg\">\r\n\t\t\t\t\t<a href=\"https:\/\/gesd.edu.vn\/en\/hoi-dap-ve-chuong-trinh-mon-hoa-hoc\/\">\r\n\t\t\t\t\t\t<img src=\"https:\/\/gesd.edu.vn\/wp-content\/themes\/edmento\/images\/70x70.jpg\" alt=\"News image\">\r\n\t\t\t\t\t<\/a>\r\n\t\t\t\t<\/figure>\r\n\t\t\t\t\t\t\t\t<div class=\"tg-themepostcontent\">\r\n\t\t\t\t\t<ul class=\"tg-matadata\">\r\n\t\t\t\t\t\t<li>\r\n\t\t\t\t\t\t\t\t\t\t\t\t\t\t<a href=\"https:\/\/gesd.edu.vn\/en\/2021\/12\/13\">\r\n\t\t\t\t\t\t\t\t<i class=\"fa fa-calendar\"><\/i>\r\n\t\t\t\t\t\t\t\t<span>13\/12\/2021<\/span>\r\n\t\t\t\t\t\t\t<\/a>\r\n\t\t\t\t\t\t<\/li>\r\n\t\t\t\t\t<\/ul>\r\n\t\t\t\t\t<div class=\"tg-themeposttitle\">\r\n\t\t\t\t\t\t<h3><a href=\"https:\/\/gesd.edu.vn\/en\/hoi-dap-ve-chuong-trinh-mon-hoa-hoc\/\">H\u1ecfi \u0111\u00e1p v\u1ec1 Ch\u01b0\u01a1ng tr\u00ecnh m\u00f4n H\u00f3a H\u1ecdc<\/a><\/h3>\r\n\t\t\t\t\t<\/div>\r\n\t\t\t\t\t\t\t\t\t\t\t<!-- <a class=\"tg-btn tg-btn-sm\" href=\"https:\/\/gesd.edu.vn\/en\/hoi-dap-ve-chuong-trinh-mon-hoa-hoc\/\">Read More<\/a> -->\r\n\t\t\t\t<\/div>\r\n\t\t\t<\/article>\r\n\t\t<\/div>\t\t\t\r\n\t  \t\t<div class=\"col-xs-12 col-sm-12 col-md-12 col-lg-12\">\r\n\t\t\t<article class=\"tg-themepost tg-themepostleftthumb\">\t\r\n\t\t\t\t\t\t\t\r\n\t\t\t\t<figure class=\"tg-featuredimg\">\r\n\t\t\t\t\t<a href=\"https:\/\/gesd.edu.vn\/en\/hoi-dap-ve-chuong-trinh-mon-lich-su-dia-ly-tieu-hoc-2018\/\">\r\n\t\t\t\t\t\t<img src=\"https:\/\/gesd.edu.vn\/wp-content\/themes\/edmento\/images\/70x70.jpg\" alt=\"News image\">\r\n\t\t\t\t\t<\/a>\r\n\t\t\t\t<\/figure>\r\n\t\t\t\t\t\t\t\t<div class=\"tg-themepostcontent\">\r\n\t\t\t\t\t<ul class=\"tg-matadata\">\r\n\t\t\t\t\t\t<li>\r\n\t\t\t\t\t\t\t\t\t\t\t\t\t\t<a href=\"https:\/\/gesd.edu.vn\/en\/2021\/12\/13\">\r\n\t\t\t\t\t\t\t\t<i class=\"fa fa-calendar\"><\/i>\r\n\t\t\t\t\t\t\t\t<span>13\/12\/2021<\/span>\r\n\t\t\t\t\t\t\t<\/a>\r\n\t\t\t\t\t\t<\/li>\r\n\t\t\t\t\t<\/ul>\r\n\t\t\t\t\t<div class=\"tg-themeposttitle\">\r\n\t\t\t\t\t\t<h3><a href=\"https:\/\/gesd.edu.vn\/en\/hoi-dap-ve-chuong-trinh-mon-lich-su-dia-ly-tieu-hoc-2018\/\">H\u1ecfi \u0111\u00e1p v\u1ec1 Ch\u01b0\u01a1ng tr\u00ecnh m\u00f4n L\u1ecbch s\u1eed, \u0110\u1ecba l\u00fd &#8211; Ti\u1ec3u h\u1ecdc 2018<\/a><\/h3>\r\n\t\t\t\t\t<\/div>\r\n\t\t\t\t\t\t\t\t\t\t\t<!-- <a class=\"tg-btn tg-btn-sm\" href=\"https:\/\/gesd.edu.vn\/en\/hoi-dap-ve-chuong-trinh-mon-lich-su-dia-ly-tieu-hoc-2018\/\">Read More<\/a> -->\r\n\t\t\t\t<\/div>\r\n\t\t\t<\/article>\r\n\t\t<\/div>\t\t\t\r\n\t  \t\t<div class=\"col-xs-12 col-sm-12 col-md-12 col-lg-12\">\r\n\t\t\t<article class=\"tg-themepost tg-themepostleftthumb\">\t\r\n\t\t\t\t\t\t\t\r\n\t\t\t\t<figure class=\"tg-featuredimg\">\r\n\t\t\t\t\t<a href=\"https:\/\/gesd.edu.vn\/en\/hoi-dap-ve-chuong-trinh-gdpt-mon-toan-2018\/\">\r\n\t\t\t\t\t\t<img src=\"https:\/\/gesd.edu.vn\/wp-content\/themes\/edmento\/images\/70x70.jpg\" alt=\"News image\">\r\n\t\t\t\t\t<\/a>\r\n\t\t\t\t<\/figure>\r\n\t\t\t\t\t\t\t\t<div class=\"tg-themepostcontent\">\r\n\t\t\t\t\t<ul class=\"tg-matadata\">\r\n\t\t\t\t\t\t<li>\r\n\t\t\t\t\t\t\t\t\t\t\t\t\t\t<a href=\"https:\/\/gesd.edu.vn\/en\/2021\/12\/13\">\r\n\t\t\t\t\t\t\t\t<i class=\"fa fa-calendar\"><\/i>\r\n\t\t\t\t\t\t\t\t<span>13\/12\/2021<\/span>\r\n\t\t\t\t\t\t\t<\/a>\r\n\t\t\t\t\t\t<\/li>\r\n\t\t\t\t\t<\/ul>\r\n\t\t\t\t\t<div class=\"tg-themeposttitle\">\r\n\t\t\t\t\t\t<h3><a href=\"https:\/\/gesd.edu.vn\/en\/hoi-dap-ve-chuong-trinh-gdpt-mon-toan-2018\/\">H\u1ecfi \u0111\u00e1p v\u1ec1 Ch\u01b0\u01a1ng tr\u00ecnh GDPT m\u00f4n To\u00e1n 2018<\/a><\/h3>\r\n\t\t\t\t\t<\/div>\r\n\t\t\t\t\t\t\t\t\t\t\t<!-- <a class=\"tg-btn tg-btn-sm\" href=\"https:\/\/gesd.edu.vn\/en\/hoi-dap-ve-chuong-trinh-gdpt-mon-toan-2018\/\">Read More<\/a> -->\r\n\t\t\t\t<\/div>\r\n\t\t\t<\/article>\r\n\t\t<\/div>\t\t\t\r\n\t  \t\r\n\t  <\/div>\t\t\r\n\t<\/div> \t\t\r\n\t<nav class=\"tg-pagination\"><ul><li class=\"tg-active\"><a href='javascript:;'>1<\/a><\/li><li><a href='https:\/\/gesd.edu.vn\/en\/wp-json\/wp\/v2\/pages\/1828\/page\/2\/' class=\"inactive\">2<\/a><\/li><li class='next'><a href=\"https:\/\/gesd.edu.vn\/en\/wp-json\/wp\/v2\/pages\/1828\/page\/2\/\"><i class=\"fa fa-angle-right\"><\/i><\/a><\/li><\/ul><\/nav><\/div><\/div>\r\n                        <\/div>\r\n                    <\/div>\r\n                <\/section>\r\n            <\/div>\r\n        <\/div>\r\n        <div class=\"col-xs-12 col-sm-4 col-md-3 pull-right\">\r\n            <aside id=\"tg-sidebar-upper\" class=\"tg-sidebar tg-haslayout\">\r\n                <div id=\"search-5\" class=\"tg-widget widget_search\">\r\n<form class=\"tg-formtheme tg-formsearch\"  method=\"get\" role=\"search\" action=\"https:\/\/gesd.edu.vn\/en\" data-trp-original-action=\"https:\/\/gesd.edu.vn\/en\">\r\n\t<fieldset><input type=\"search\" value=\"\" name=\"s\" class=\"form-control\" placeholder=\"Start Your Search Here\"><\/fieldset>\r\n<input type=\"hidden\" name=\"trp-form-language\" value=\"en\"\/><\/form>  \r\n<\/div><div id=\"calendar-3\" class=\"tg-widget widget_calendar\"><div id=\"calendar_wrap\" class=\"calendar_wrap\"><table id=\"wp-calendar\" class=\"wp-calendar-table\">\n\t<caption>May 2026<\/caption>\n\t<thead>\n\t<tr>\n\t\t<th scope=\"col\" title=\"Monday\">M<\/th>\n\t\t<th scope=\"col\" title=\"Tuesday\">T<\/th>\n\t\t<th scope=\"col\" title=\"Wednesday\">W<\/th>\n\t\t<th scope=\"col\" title=\"Thursday\">T<\/th>\n\t\t<th scope=\"col\" title=\"Friday\">F<\/th>\n\t\t<th scope=\"col\" title=\"Saturday\">S<\/th>\n\t\t<th scope=\"col\" title=\"Sunday\">S<\/th>\n\t<\/tr>\n\t<\/thead>\n\t<tbody>\n\t<tr>\n\t\t<td colspan=\"4\" class=\"pad\">&nbsp;<\/td><td>1<\/td><td>2<\/td><td>3<\/td>\n\t<\/tr>\n\t<tr>\n\t\t<td>4<\/td><td>5<\/td><td>6<\/td><td>7<\/td><td>8<\/td><td>9<\/td><td>10<\/td>\n\t<\/tr>\n\t<tr>\n\t\t<td>11<\/td><td>12<\/td><td>13<\/td><td id=\"today\">14<\/td><td>15<\/td><td>16<\/td><td>17<\/td>\n\t<\/tr>\n\t<tr>\n\t\t<td>18<\/td><td>19<\/td><td>20<\/td><td>21<\/td><td>22<\/td><td>23<\/td><td>24<\/td>\n\t<\/tr>\n\t<tr>\n\t\t<td>25<\/td><td>26<\/td><td>27<\/td><td>28<\/td><td>29<\/td><td>30<\/td><td>31<\/td>\n\t<\/tr>\n\t<\/tbody>\n\t<\/table><nav aria-label=\"Previous and next months\" class=\"wp-calendar-nav\">\n\t\t<span class=\"wp-calendar-nav-prev\"><a href=\"https:\/\/gesd.edu.vn\/en\/2026\/04\">&laquo; Apr<\/a><\/span>\n\t\t<span class=\"pad\">&nbsp;<\/span>\n\t\t<span class=\"wp-calendar-nav-next\">&nbsp;<\/span>\n\t<\/nav><\/div><\/div><div id=\"edmento_recentposts-6\" class=\"tg-widget widget_edmento_recentposts\"><div class=\"tg-widgettitle\"><h3>Tin t\u1ee9c<\/h3><\/div>                <div class=\"tg-widgetcontent\">\r\n                                            <article class=\"tg-campus tg-campusleftthumb\">\r\n                            <figure class=\"tg-featuredimg\">\r\n                                <img src=\"https:\/\/gesd.edu.vn\/wp-content\/uploads\/2026\/04\/20260429.01-150x150.jpg\"  alt=\"hoi-thao-khoa-hoc-giai-phap-ung-dung-tri-tue-nhan-tao-trong-day-hoc-mon-khoa-hoc-tu-nhien\">\r\n                            <\/figure>\r\n                            <div class=\"tg-campuscontent\">\r\n                                <div class=\"tg-datetime\">\r\n                                    <i class=\"fa fa-calendar\"><\/i>\r\n                                    <span>Wednesday, Apr 29, 2026<\/span>\r\n                                <\/div>\r\n                                <div class=\"tg-campustitle\">\r\n                                    <h3><a href=\"https:\/\/gesd.edu.vn\/en\/hoi-thao-khoa-hoc-giai-phap-ung-dung-tri-tue-nhan-tao-trong-day-hoc-mon-khoa-hoc-tu-nhien\/\">H\u1ed9i th\u1ea3o khoa h\u1ecdc Gi\u1ea3i ph\u00e1p \u1ee9ng d\u1ee5ng Tr\u00ed tu\u1ec7 nh\u00e2n t\u1ea1o trong d\u1ea1y h\u1ecdc m\u00f4n Khoa h\u1ecdc t\u1ef1 nhi\u00ean<\/a><\/h3>\r\n                                <\/div>                                                        \r\n                            <\/div>\r\n                        <\/article>\r\n                                            <article class=\"tg-campus tg-campusleftthumb\">\r\n                            <figure class=\"tg-featuredimg\">\r\n                                <img src=\"https:\/\/gesd.edu.vn\/wp-content\/uploads\/2026\/04\/20260423.02-150x150.jpg\"  alt=\"doan-can-bo-hoc-vien-khoa-tam-li-hoc-quan-su-truong-si-quan-chinh-tri-den-tham-va-lam-viec-tai-trung-tam-nghien-cuu-phat-trien-chuong-trinh-va-danh-gia-giao-duc-vien-khoa-hoc-giao-d\">\r\n                            <\/figure>\r\n                            <div class=\"tg-campuscontent\">\r\n                                <div class=\"tg-datetime\">\r\n                                    <i class=\"fa fa-calendar\"><\/i>\r\n                                    <span>Thursday, Apr 23, 2026<\/span>\r\n                                <\/div>\r\n                                <div class=\"tg-campustitle\">\r\n                                    <h3><a href=\"https:\/\/gesd.edu.vn\/en\/doan-can-bo-hoc-vien-khoa-tam-li-hoc-quan-su-truong-si-quan-chinh-tri-den-tham-va-lam-viec-tai-trung-tam-nghien-cuu-phat-trien-chuong-trinh-va-danh-gia-giao-duc-vien-khoa-hoc-giao-duc-vie\/\">\u0110o\u00e0n c\u00e1n b\u1ed9, h\u1ecdc vi\u00ean khoa t\u00e2m l\u00ed h\u1ecdc qu\u00e2n s\u1ef1 &#8211; Tr\u01b0\u1eddng S\u0129 quan ch\u00ednh tr\u1ecb \u0111\u1ebfn th\u0103m v\u00e0 l\u00e0m vi\u1ec7c t\u1ea1i Trung t\u00e2m nghi\u00ean c\u1ee9u ph\u00e1t tri\u1ec3n ch\u01b0\u01a1ng tr\u00ecnh v\u00e0 \u0111\u00e1nh gi\u00e1 gi\u00e1o d\u1ee5c \u2013 Vi\u1ec7n Khoa h\u1ecdc Gi\u00e1o d\u1ee5c Vi\u1ec7t Nam<\/a><\/h3>\r\n                                <\/div>                                                        \r\n                            <\/div>\r\n                        <\/article>\r\n                                            <article class=\"tg-campus tg-campusleftthumb\">\r\n                            <figure class=\"tg-featuredimg\">\r\n                                <img src=\"https:\/\/gesd.edu.vn\/wp-content\/uploads\/2026\/04\/20260423.01-150x150.jpg\"  alt=\"khao-sat-thuc-trang-tham-gia-the-thao-cua-hoc-sinh-nu-va-to-chuc-ngay-hoi-nu-sinh-nang-dong-tai-thanh-pho-can-tho\">\r\n                            <\/figure>\r\n                            <div class=\"tg-campuscontent\">\r\n                                <div class=\"tg-datetime\">\r\n                                    <i class=\"fa fa-calendar\"><\/i>\r\n                                    <span>Thursday, Apr 23, 2026<\/span>\r\n                                <\/div>\r\n                                <div class=\"tg-campustitle\">\r\n                                    <h3><a href=\"https:\/\/gesd.edu.vn\/en\/khao-sat-thuc-trang-tham-gia-the-thao-cua-hoc-sinh-nu-va-to-chuc-ngay-hoi-nu-sinh-nang-dong-tai-thanh-pho-can-tho\/\">Kh\u1ea3o s\u00e1t th\u1ef1c tr\u1ea1ng tham gia th\u1ec3 thao c\u1ee7a h\u1ecdc sinh n\u1eef v\u00e0 t\u1ed5 ch\u1ee9c ng\u00e0y h\u1ed9i \u201cN\u1eef sinh n\u0103ng \u0111\u1ed9ng\u201d t\u1ea1i th\u00e0nh ph\u1ed1 C\u1ea7n Th\u01a1<\/a><\/h3>\r\n                                <\/div>                                                        \r\n                            <\/div>\r\n                        <\/article>\r\n                                    <\/div>\r\n                <\/div><div id=\"media_video-3\" class=\"tg-widget widget_media_video\"><div class=\"tg-widgettitle\"><h3>Video<\/h3><\/div><div style=\"width:100%;\" class=\"wp-video\"><!--[if lt IE 9]><script>document.createElement('video');<\/script><![endif]-->\n<video class=\"wp-video-shortcode\" id=\"video-4233-1\" loop=\"1\" preload=\"metadata\" controls=\"controls\"><source type=\"video\/youtube\" src=\"https:\/\/www.youtube.com\/watch?v=BISd-20vRvQ&#038;_=1\" \/><a href=\"https:\/\/www.youtube.com\/watch?v=BISd-20vRvQ\">https:\/\/www.youtube.com\/watch?v=BISd-20vRvQ<\/a><\/video><\/div><\/div><div id=\"wp_statsmechanic-2\" class=\"tg-widget widget_wp_statsmechanic\"><div class=\"tg-widgettitle\"><h3>Th\u1ed1ng k\u00ea<\/h3><\/div><link rel='stylesheet' type='text\/css' href='https:\/\/gesd.edu.vn\/wp-content\/plugins\/mechanic-visitor-counter\/styles\/css\/default.css' \/><div id='mvcwid' style='font-size:2; text-align:;color:;'>\n\t<div id=\"mvccount\"><img src='https:\/\/gesd.edu.vn\/wp-content\/plugins\/mechanic-visitor-counter\/styles\/image\/chevy\/0.gif' alt='0'><img src='https:\/\/gesd.edu.vn\/wp-content\/plugins\/mechanic-visitor-counter\/styles\/image\/chevy\/6.gif' alt='6'><img src='https:\/\/gesd.edu.vn\/wp-content\/plugins\/mechanic-visitor-counter\/styles\/image\/chevy\/7.gif' alt='7'><img src='https:\/\/gesd.edu.vn\/wp-content\/plugins\/mechanic-visitor-counter\/styles\/image\/chevy\/6.gif' alt='6'><img src='https:\/\/gesd.edu.vn\/wp-content\/plugins\/mechanic-visitor-counter\/styles\/image\/chevy\/2.gif' alt='2'><img src='https:\/\/gesd.edu.vn\/wp-content\/plugins\/mechanic-visitor-counter\/styles\/image\/chevy\/0.gif' alt='0'><img src='https:\/\/gesd.edu.vn\/wp-content\/plugins\/mechanic-visitor-counter\/styles\/image\/chevy\/1.gif' alt='1'><\/div>\n\t<div id=\"mvctable\">\n        \t<table width='100%'>\n                        <tr><td style='font-size:2; text-align:;color:;'><img src='https:\/\/gesd.edu.vn\/wp-content\/plugins\/mechanic-visitor-counter\/counter\/mvconline.png'> Who's Online : 4<\/td><\/tr>\n                                    <tr><td style='font-size:2; text-align:;color:;'><img src='https:\/\/gesd.edu.vn\/wp-content\/plugins\/mechanic-visitor-counter\/counter\/mvcvisit.png'> Visit Today : 132<\/td><\/tr>\n                                                <tr><td style='font-size:2; text-align:;color:;'><img src='https:\/\/gesd.edu.vn\/wp-content\/plugins\/mechanic-visitor-counter\/counter\/mvcmonth.png'> This Month : 10620<\/td><\/tr>\n                        \t\t\t            <tr><td style='font-size:2; text-align:;color:;'><img src='https:\/\/gesd.edu.vn\/wp-content\/plugins\/mechanic-visitor-counter\/counter\/mvctotal.png'> Total Visit : 676201<\/td><\/tr>\n                                                <\/table>\n    \t<\/div>\n        \t\t       \n <\/div> \n            <\/div>            <\/aside>\r\n        <\/div>\r\n    <\/section>","protected":false},"excerpt":{"rendered":"<p>Trong b\u1ed1i c\u1ea3nh gi\u00e1o d\u1ee5c h\u01b0\u1edbng t\u1edbi ph\u00e1t tri\u1ec3n to\u00e0n di\u1ec7n, vi\u1ec7c khuy\u1ebfn kh\u00edch h\u1ecdc sinh n\u1eef tham gia th\u1ec3 thao ng\u00e0y c\u00e0ng \u0111\u01b0\u1ee3c ch\u00fa tr\u1ecdng kh\u00f4ng ch\u1ec9 \u1edf kh\u00eda c\u1ea1nh th\u1ec3 l\u1ef1c, m\u00e0 c\u00f2n g\u1eafn v\u1edbi x\u00e2y d\u1ef1ng s\u1ef1 t\u1ef1 tin, tinh th\u1ea7n t\u00edch c\u1ef1c v\u00e0 kh\u1ea3 n\u0103ng h\u00f2a nh\u1eadp. Trong khu\u00f4n kh\u1ed5 h\u1ee3p&#8230;.<\/p>","protected":false},"author":1,"featured_media":0,"parent":0,"menu_order":0,"comment_status":"closed","ping_status":"closed","template":"","meta":[],"_links":{"self":[{"href":"https:\/\/gesd.edu.vn\/en\/wp-json\/wp\/v2\/pages\/1828"}],"collection":[{"href":"https:\/\/gesd.edu.vn\/en\/wp-json\/wp\/v2\/pages"}],"about":[{"href":"https:\/\/gesd.edu.vn\/en\/wp-json\/wp\/v2\/types\/page"}],"author":[{"embeddable":true,"href":"https:\/\/gesd.edu.vn\/en\/wp-json\/wp\/v2\/users\/1"}],"replies":[{"embeddable":true,"href":"https:\/\/gesd.edu.vn\/en\/wp-json\/wp\/v2\/comments?post=1828"}],"version-history":[{"count":9,"href":"https:\/\/gesd.edu.vn\/en\/wp-json\/wp\/v2\/pages\/1828\/revisions"}],"predecessor-version":[{"id":1849,"href":"https:\/\/gesd.edu.vn\/en\/wp-json\/wp\/v2\/pages\/1828\/revisions\/1849"}],"wp:attachment":[{"href":"https:\/\/gesd.edu.vn\/en\/wp-json\/wp\/v2\/media?parent=1828"}],"curies":[{"name":"wp","href":"https:\/\/api.w.org\/{rel}","templated":true}]}}