{"id":1769,"date":"2021-12-17T09:55:03","date_gmt":"2021-12-17T02:55:03","guid":{"rendered":"http:\/\/52.76.64.37\/?page_id=1769"},"modified":"2025-12-10T11:23:15","modified_gmt":"2025-12-10T04:23:15","slug":"lich-cong-tac","status":"publish","type":"page","link":"https:\/\/gesd.edu.vn\/en\/lich-cong-tac\/","title":{"rendered":"L\u1ecbch c\u00f4ng t\u00e1c Trung t\u00e2m"},"content":{"rendered":"<section  class=\"edmento-elm-section tg-haslayout  default\"  style=\"background-color:rgba(0,0,0,0);background-repeat:no-repeat;background-position:0% 100%; background-size: cover;\"  >\r\n        <div class=\"builder-items\">\r\n                        <div class=\"col-xs-12 col-md-12 builder-column\" >\r\n    <p><iframe src=\"https:\/\/docs.google.com\/document\/d\/e\/2PACX-1vSSa0CjmO4S0ra5M7UoAjJEzaWDHFLC1alahhxGS4LJVeczhaIe4htst2cpKSRpnopJlTkRMeYBoxBO\/pub?embedded=true\"><\/iframe><\/p><\/div>\r\n        <\/div>\r\n    <\/section>","protected":false},"excerpt":{"rendered":"","protected":false},"author":1,"featured_media":0,"parent":0,"menu_order":0,"comment_status":"closed","ping_status":"closed","template":"","meta":[],"_links":{"self":[{"href":"https:\/\/gesd.edu.vn\/en\/wp-json\/wp\/v2\/pages\/1769"}],"collection":[{"href":"https:\/\/gesd.edu.vn\/en\/wp-json\/wp\/v2\/pages"}],"about":[{"href":"https:\/\/gesd.edu.vn\/en\/wp-json\/wp\/v2\/types\/page"}],"author":[{"embeddable":true,"href":"https:\/\/gesd.edu.vn\/en\/wp-json\/wp\/v2\/users\/1"}],"replies":[{"embeddable":true,"href":"https:\/\/gesd.edu.vn\/en\/wp-json\/wp\/v2\/comments?post=1769"}],"version-history":[{"count":32,"href":"https:\/\/gesd.edu.vn\/en\/wp-json\/wp\/v2\/pages\/1769\/revisions"}],"predecessor-version":[{"id":3756,"href":"https:\/\/gesd.edu.vn\/en\/wp-json\/wp\/v2\/pages\/1769\/revisions\/3756"}],"wp:attachment":[{"href":"https:\/\/gesd.edu.vn\/en\/wp-json\/wp\/v2\/media?parent=1769"}],"curies":[{"name":"wp","href":"https:\/\/api.w.org\/{rel}","templated":true}]}}