{"id":1537,"date":"2021-12-06T09:54:21","date_gmt":"2021-12-06T02:54:21","guid":{"rendered":"http:\/\/52.76.64.37\/?page_id=1537"},"modified":"2025-12-10T15:00:20","modified_gmt":"2025-12-10T08:00:20","slug":"phong-nghien-cuu-danh-gia-giao-duc","status":"publish","type":"page","link":"https:\/\/gesd.edu.vn\/en\/phong-nghien-cuu-danh-gia-giao-duc\/","title":{"rendered":"Ph\u00f2ng Nghi\u00ean c\u1ee9u \u0110\u00e1nh gi\u00e1 gi\u00e1o d\u1ee5c"},"content":{"rendered":"<section  class=\"edmento-elm-section tg-haslayout  default\"  style=\"background-color:rgba(0,0,0,0);background-repeat:no-repeat;background-position:0% 100%; background-size: cover;\"  >\r\n        <div class=\"builder-items\">\r\n                        <div class=\"col-xs-12 col-md-12 builder-column\" >\r\n    <div class=\"sc-gallery tg-haslayout\">\n\t\t<div class=\"tg-glanceatuoeandk\">\n\t\t<div class=\"tg-borderheading\">\n\t\t\t<h2>Ph\u00f2ng Nghi\u00ean c\u1ee9u \u0110\u00e1nh gi\u00e1 gi\u00e1o d\u1ee5c<\/h2>\n\t\t<\/div>\n\t\t\t\t\t<ul class=\"tg-gallery tg-gallery-v3\">\n\t\t\t\t\t\t\t\n\t\t\t\t<li>\n\t\t\t\t\t<figure>\n\t\t\t\t\t\t<a class=\"tg-btnview\" href=\"https:\/\/gesd.edu.vn\/wp-content\/uploads\/2025\/12\/01.-Nga.jpg\" data-rel=\"prettyPhoto[glance]\"><i class=\"icon-magnifier\"><\/i><\/a>\n\t\t\t\t\t\t<img src=\"https:\/\/gesd.edu.vn\/wp-content\/uploads\/2025\/12\/01.-Nga.jpg\" alt=\"Gallery item\">\n\t\t\t\t\t<\/figure>\n\t\t\t\t<\/li>\n\t\t\t\t\t\t\t\t\n\t\t\t\t<li>\n\t\t\t\t\t<figure>\n\t\t\t\t\t\t<a class=\"tg-btnview\" href=\"https:\/\/gesd.edu.vn\/wp-content\/uploads\/2025\/12\/02.-Lan.jpg\" data-rel=\"prettyPhoto[glance]\"><i class=\"icon-magnifier\"><\/i><\/a>\n\t\t\t\t\t\t<img src=\"https:\/\/gesd.edu.vn\/wp-content\/uploads\/2025\/12\/02.-Lan.jpg\" alt=\"Gallery item\">\n\t\t\t\t\t<\/figure>\n\t\t\t\t<\/li>\n\t\t\t\t\t\t\t\t\n\t\t\t\t<li>\n\t\t\t\t\t<figure>\n\t\t\t\t\t\t<a class=\"tg-btnview\" href=\"https:\/\/gesd.edu.vn\/wp-content\/uploads\/2025\/12\/03.-Linh.jpg\" data-rel=\"prettyPhoto[glance]\"><i class=\"icon-magnifier\"><\/i><\/a>\n\t\t\t\t\t\t<img src=\"https:\/\/gesd.edu.vn\/wp-content\/uploads\/2025\/12\/03.-Linh.jpg\" alt=\"Gallery item\">\n\t\t\t\t\t<\/figure>\n\t\t\t\t<\/li>\n\t\t\t\t\t\t\t\t\n\t\t\t\t<li>\n\t\t\t\t\t<figure>\n\t\t\t\t\t\t<a class=\"tg-btnview\" href=\"https:\/\/gesd.edu.vn\/wp-content\/uploads\/2025\/12\/04.-Hang.png\" data-rel=\"prettyPhoto[glance]\"><i class=\"icon-magnifier\"><\/i><\/a>\n\t\t\t\t\t\t<img src=\"https:\/\/gesd.edu.vn\/wp-content\/uploads\/2025\/12\/04.-Hang.png\" alt=\"Gallery item\">\n\t\t\t\t\t<\/figure>\n\t\t\t\t<\/li>\n\t\t\t\t\t\t\t\t\n\t\t\t\t<li>\n\t\t\t\t\t<figure>\n\t\t\t\t\t\t<a class=\"tg-btnview\" href=\"https:\/\/gesd.edu.vn\/wp-content\/uploads\/2025\/12\/05.-thang.jpg\" data-rel=\"prettyPhoto[glance]\"><i class=\"icon-magnifier\"><\/i><\/a>\n\t\t\t\t\t\t<img src=\"https:\/\/gesd.edu.vn\/wp-content\/uploads\/2025\/12\/05.-thang.jpg\" alt=\"Gallery item\">\n\t\t\t\t\t<\/figure>\n\t\t\t\t<\/li>\n\t\t\t\t\t\t\t\t\n\t\t\t\t<li>\n\t\t\t\t\t<figure>\n\t\t\t\t\t\t<a class=\"tg-btnview\" href=\"https:\/\/gesd.edu.vn\/wp-content\/uploads\/2025\/12\/06.-trang.png\" data-rel=\"prettyPhoto[glance]\"><i class=\"icon-magnifier\"><\/i><\/a>\n\t\t\t\t\t\t<img src=\"https:\/\/gesd.edu.vn\/wp-content\/uploads\/2025\/12\/06.-trang.png\" alt=\"Gallery item\">\n\t\t\t\t\t<\/figure>\n\t\t\t\t<\/li>\n\t\t\t\t\t\t\t\t\n\t\t\t\t<li>\n\t\t\t\t\t<figure>\n\t\t\t\t\t\t<a class=\"tg-btnview\" href=\"https:\/\/gesd.edu.vn\/wp-content\/uploads\/2025\/12\/07.-Nguyen-Huong.png\" data-rel=\"prettyPhoto[glance]\"><i class=\"icon-magnifier\"><\/i><\/a>\n\t\t\t\t\t\t<img src=\"https:\/\/gesd.edu.vn\/wp-content\/uploads\/2025\/12\/07.-Nguyen-Huong.png\" alt=\"Gallery item\">\n\t\t\t\t\t<\/figure>\n\t\t\t\t<\/li>\n\t\t\t\t\t\t\t\t\n\t\t\t\t<li>\n\t\t\t\t\t<figure>\n\t\t\t\t\t\t<a class=\"tg-btnview\" href=\"https:\/\/gesd.edu.vn\/wp-content\/uploads\/2025\/12\/08.-Phuong.jpg\" data-rel=\"prettyPhoto[glance]\"><i class=\"icon-magnifier\"><\/i><\/a>\n\t\t\t\t\t\t<img src=\"https:\/\/gesd.edu.vn\/wp-content\/uploads\/2025\/12\/08.-Phuong.jpg\" alt=\"Gallery item\">\n\t\t\t\t\t<\/figure>\n\t\t\t\t<\/li>\n\t\t\t\t\t\t\t<\/ul>\n\t\t\t<\/div>\n\t<\/div><\/div>\r\n        <\/div>\r\n    <\/section>","protected":false},"excerpt":{"rendered":"","protected":false},"author":1,"featured_media":0,"parent":0,"menu_order":0,"comment_status":"closed","ping_status":"closed","template":"","meta":[],"_links":{"self":[{"href":"https:\/\/gesd.edu.vn\/en\/wp-json\/wp\/v2\/pages\/1537"}],"collection":[{"href":"https:\/\/gesd.edu.vn\/en\/wp-json\/wp\/v2\/pages"}],"about":[{"href":"https:\/\/gesd.edu.vn\/en\/wp-json\/wp\/v2\/types\/page"}],"author":[{"embeddable":true,"href":"https:\/\/gesd.edu.vn\/en\/wp-json\/wp\/v2\/users\/1"}],"replies":[{"embeddable":true,"href":"https:\/\/gesd.edu.vn\/en\/wp-json\/wp\/v2\/comments?post=1537"}],"version-history":[{"count":16,"href":"https:\/\/gesd.edu.vn\/en\/wp-json\/wp\/v2\/pages\/1537\/revisions"}],"predecessor-version":[{"id":3832,"href":"https:\/\/gesd.edu.vn\/en\/wp-json\/wp\/v2\/pages\/1537\/revisions\/3832"}],"wp:attachment":[{"href":"https:\/\/gesd.edu.vn\/en\/wp-json\/wp\/v2\/media?parent=1537"}],"curies":[{"name":"wp","href":"https:\/\/api.w.org\/{rel}","templated":true}]}}