{"id":1159,"date":"2021-06-04T08:06:59","date_gmt":"2021-06-04T08:06:59","guid":{"rendered":"http:\/\/52.76.64.37\/?page_id=1159"},"modified":"2025-05-24T14:10:56","modified_gmt":"2025-05-24T07:10:56","slug":"lien-he","status":"publish","type":"page","link":"https:\/\/gesd.edu.vn\/en\/lien-he\/","title":{"rendered":"Li\u00ean h\u00ea\u0323"},"content":{"rendered":"<section id=\"tg-twocolumns-upper\" class=\"tg-twocolumns section-with-sidebar tg-haslayout\">\r\n        <div class=\"col-xs-12 col-sm-8 col-md-9 pull-left\">\r\n            <div id=\"tg-content-upper\" class=\"tg-content tg-haslayout\">\r\n                <section  class=\"edmento-elm-section tg-haslayout  default\"  style=\"background-color:rgba(0,0,0,0);background-repeat:no-repeat;background-position:0% 100%; background-size: cover;\"  >\r\n                    <div class=\"builder-items\">\r\n                        <div class=\"row\">\r\n                                                        <div class=\"col-xs-12 col-md-12 builder-column\" >\r\n    \r\n<div class=\"sc-heading tg-haslayout\">\r\n\t\t\t<div class=\"tg-titleborder\">\r\n\t\t\t<h2>Li\u00ean h\u1ec7<\/h2>\r\n\t\t<\/div>\r\n\t<\/div><p>\u0110\u1ecba ch\u1ec9: 52 Li\u1ec5u Giai, ph\u01b0\u1eddng C\u1ed1ng V\u1ecb, qu\u1eadn Ba \u0110\u00ecnh, th\u00e0nh ph\u1ed1 H\u00e0 N\u1ed9i<\/p><p>Email: <a class=\"oajrlxb2 g5ia77u1 qu0x051f esr5mh6w e9989ue4 r7d6kgcz rq0escxv nhd2j8a9 nc684nl6 p7hjln8o kvgmc6g5 cxmmr5t8 oygrvhab hcukyx3x jb3vyjys rz4wbd8a qt6c0cv9 a8nywdso i1ao9s8h esuyzwwr f1sip0of lzcic4wl py34i1dx gpro0wi8\" tabindex=\"0\" role=\"link\" href=\"mailto:vanphong@gesd.edu.vn\" target=\"_blank\" rel=\"noopener\">vanphong@gesd.edu.vn<\/a>, \u0111i\u1ec7n tho\u1ea1i: <a href=\"tel:024394232639\">0243.94232639<\/a><\/p>\r\n<div class=\"sc-heading tg-haslayout\">\r\n\t\t\t<div class=\"tg-titleborder\">\r\n\t\t\t<h2>V\u1ecb tr\u00ed<\/h2>\r\n\t\t<\/div>\r\n\t<\/div><div class=\"sc-map tg-haslayout\">\r\n\t<div class=\"tg-contactus tg-contactusvone\">\r\n\t\t<div id=\"tg-location-map-1\" class=\"tg-location-map\" style=\"height:400px;\"><\/div>\r\n\t<\/div>\r\n <\/div>\r\n<\/div>\r\n                        <\/div>\r\n                    <\/div>\r\n                <\/section>\r\n            <\/div>\r\n        <\/div>\r\n        <div class=\"col-xs-12 col-sm-4 col-md-3 pull-right\">\r\n            <aside id=\"tg-sidebar-upper\" class=\"tg-sidebar tg-haslayout\">\r\n                <div id=\"search-2\" class=\"tg-widget widget_search\">\r\n<form class=\"tg-formtheme tg-formsearch\"  method=\"get\" role=\"search\" action=\"https:\/\/gesd.edu.vn\/en\" data-trp-original-action=\"https:\/\/gesd.edu.vn\/en\">\r\n\t<fieldset><input type=\"search\" value=\"\" name=\"s\" class=\"form-control\" placeholder=\"Start Your Search Here\"><\/fieldset>\r\n<input type=\"hidden\" name=\"trp-form-language\" value=\"en\"\/><\/form>  \r\n<\/div><div id=\"nav_menu-5\" class=\"tg-widget widget_nav_menu\"><div class=\"tg-widgettitle\"><h3>Danh m\u1ee5c ch\u00ednh<\/h3><\/div><div class=\"menu-main-menu-for-header-v1-container\"><ul id=\"menu-main-menu-for-header-v1\" class=\"menu\"><li id=\"menu-item-1868\" class=\"menu-item menu-item-type-post_type menu-item-object-page menu-item-home menu-item-1868\"><a href=\"https:\/\/gesd.edu.vn\/en\"><i class=\"fas fa-home\"><\/i><\/a><\/li>\n<li id=\"menu-item-1019\" class=\"menu-item menu-item-type-custom menu-item-object-custom menu-item-has-children dropdown menu-item-1019\"><a href=\"#\">Gi\u1edbi thi\u1ec7u<\/a>\n<ul class=\"sub-menu\">\n\t<li id=\"menu-item-1020\" class=\"menu-item menu-item-type-post_type menu-item-object-page menu-item-has-children dropdown menu-item-1020\"><a href=\"https:\/\/gesd.edu.vn\/en\/co-cau-to-chuc-vien-khoa-hoc-giao-duc-viet-nam\/\">S\u01a1 \u0111\u1ed3 t\u1ed5 ch\u1ee9c<\/a>\n\t<ul class=\"sub-menu\">\n\t\t<li id=\"menu-item-1864\" class=\"menu-item menu-item-type-post_type menu-item-object-page menu-item-1864\"><a href=\"https:\/\/gesd.edu.vn\/en\/lanh-dao-trung-tam\/\">L\u00e3nh \u0111\u1ea1o trung t\u00e2m<\/a><\/li>\n\t\t<li id=\"menu-item-1600\" class=\"menu-item menu-item-type-post_type menu-item-object-page menu-item-1600\"><a href=\"https:\/\/gesd.edu.vn\/en\/phong-nghien-cuu-phat-trien-chuong-trinh-giao-duc\/\">Ph\u00f2ng Nghi\u00ean c\u1ee9u Ph\u00e1t tri\u1ec3n Ch\u01b0\u01a1ng tr\u00ecnh gi\u00e1o d\u1ee5c<\/a><\/li>\n\t\t<li id=\"menu-item-3723\" class=\"menu-item menu-item-type-post_type menu-item-object-page menu-item-3723\"><a href=\"https:\/\/gesd.edu.vn\/en\/phong-nghien-cuu-danh-gia-giao-duc\/\">Ph\u00f2ng Nghi\u00ean c\u1ee9u \u0110\u00e1nh gi\u00e1 gi\u00e1o d\u1ee5c<\/a><\/li>\n\t\t<li id=\"menu-item-1598\" class=\"menu-item menu-item-type-post_type menu-item-object-page menu-item-1598\"><a href=\"https:\/\/gesd.edu.vn\/en\/phong-nghien-cuu-doi-moi-su-pham-va-phat-trien-doi-ngu\/\">Ph\u00f2ng Nghi\u00ean c\u1ee9u \u0110\u1ed5i m\u1edbi s\u01b0 ph\u1ea1m v\u00e0 Ph\u00e1t tri\u1ec3n \u0111\u1ed9i ng\u0169<\/a><\/li>\n\t\t<li id=\"menu-item-1597\" class=\"menu-item menu-item-type-post_type menu-item-object-page menu-item-1597\"><a href=\"https:\/\/gesd.edu.vn\/en\/phong-nghien-cuu-phat-trien-nang-luc-va-ky-nang-tuong-lai\/\">Ph\u00f2ng Nghi\u00ean c\u1ee9u Ph\u00e1t tri\u1ec3n N\u0103ng l\u1ef1c v\u00e0 K\u1ef9 n\u0103ng t\u01b0\u01a1ng lai<\/a><\/li>\n\t\t<li id=\"menu-item-1596\" class=\"menu-item menu-item-type-post_type menu-item-object-page menu-item-1596\"><a href=\"https:\/\/gesd.edu.vn\/en\/phong-nghien-cuu-doi-moi-sang-tao-va-chuyen-doi-so\/\">Ph\u00f2ng Nghi\u00ean c\u1ee9u \u0110\u1ed5i m\u1edbi s\u00e1ng t\u1ea1o v\u00e0 Chuy\u1ec3n \u0111\u1ed5i s\u1ed1<\/a><\/li>\n\t\t<li id=\"menu-item-3731\" class=\"menu-item menu-item-type-post_type menu-item-object-page menu-item-3731\"><a href=\"https:\/\/gesd.edu.vn\/en\/bo-phan-hanh-chinh-tong-hop\/\">B\u1ed9 ph\u1eadn h\u00e0nh ch\u00ednh-t\u1ed5ng h\u1ee3p<\/a><\/li>\n\t<\/ul>\n<\/li>\n\t<li id=\"menu-item-1022\" class=\"menu-item menu-item-type-post_type menu-item-object-page menu-item-1022\"><a href=\"https:\/\/gesd.edu.vn\/en\/tam-nhin-va-su-menh\/\">T\u1ea7m nh\u00ecn, s\u1ee9 m\u1ec7nh<\/a><\/li>\n\t<li id=\"menu-item-1042\" class=\"menu-item menu-item-type-post_type menu-item-object-page menu-item-1042\"><a href=\"https:\/\/gesd.edu.vn\/en\/chuc-nang-nhiem-vu-va-cac-don-vi-thuoc-trung-tam\/\">Ch\u1ee9c n\u0103ng, nhi\u1ec7m v\u1ee5<\/a><\/li>\n<\/ul>\n<\/li>\n<li id=\"menu-item-1458\" class=\"menu-item menu-item-type-custom menu-item-object-custom menu-item-has-children dropdown menu-item-1458\"><a href=\"#\">Nghi\u00ean c\u1ee9u<\/a>\n<ul class=\"sub-menu\">\n\t<li id=\"menu-item-1853\" class=\"menu-item menu-item-type-post_type menu-item-object-page menu-item-has-children dropdown menu-item-1853\"><a href=\"https:\/\/gesd.edu.vn\/en\/chuong-trinh-giao-duc\/\">Ch\u01b0\u01a1ng tr\u00ecnh gi\u00e1o d\u1ee5c<\/a>\n\t<ul class=\"sub-menu\">\n\t\t<li id=\"menu-item-1854\" class=\"menu-item menu-item-type-post_type menu-item-object-page menu-item-1854\"><a href=\"https:\/\/gesd.edu.vn\/en\/hoi-dap-ve-chuong-trinh-sgk\/\">H\u1ecfi \u0111\u00e1p v\u1ec1 ch\u01b0\u01a1ng tr\u00ecnh, SGK<\/a><\/li>\n\t<\/ul>\n<\/li>\n\t<li id=\"menu-item-1987\" class=\"menu-item menu-item-type-post_type menu-item-object-page menu-item-1987\"><a href=\"https:\/\/gesd.edu.vn\/en\/mo-hinh-giao-duc-pho-thong\/\">M\u00f4 h\u00ecnh Gi\u00e1o d\u1ee5c ph\u1ed5 th\u00f4ng<\/a><\/li>\n\t<li id=\"menu-item-1986\" class=\"menu-item menu-item-type-post_type menu-item-object-page menu-item-1986\"><a href=\"https:\/\/gesd.edu.vn\/en\/dam-bao-chat-luong-giao-duc-pho-thong\/\">\u0110\u1ea3m b\u1ea3o ch\u1ea5t l\u01b0\u1ee3ng gi\u00e1o d\u1ee5c ph\u1ed5 th\u00f4ng<\/a><\/li>\n\t<li id=\"menu-item-1025\" class=\"menu-item menu-item-type-custom menu-item-object-custom menu-item-has-children dropdown menu-item-1025\"><a href=\"#\">S\u00e1ch gi\u00e1o khoa<\/a>\n\t<ul class=\"sub-menu\">\n\t\t<li id=\"menu-item-1696\" class=\"menu-item menu-item-type-custom menu-item-object-custom menu-item-1696\"><a target=\"_blank\" rel=\"noopener\" href=\"https:\/\/vnes.edu.vn\/\">G\u00f3p \u00fd Ch\u01b0\u01a1ng tr\u00ecnh SGK<\/a><\/li>\n\t<\/ul>\n<\/li>\n\t<li id=\"menu-item-1026\" class=\"menu-item menu-item-type-custom menu-item-object-custom menu-item-1026\"><a href=\"#\">D\u1ea1y v\u00e0 h\u1ecdc<\/a><\/li>\n<\/ul>\n<\/li>\n<li id=\"menu-item-1459\" class=\"menu-item menu-item-type-taxonomy menu-item-object-category menu-item-1459\"><a href=\"https:\/\/gesd.edu.vn\/en\/chuyen-muc\/tin-tuc\">Tin t\u1ee9c<\/a><\/li>\n<li id=\"menu-item-1180\" class=\"menu-item menu-item-type-post_type menu-item-object-page menu-item-1180\"><a href=\"https:\/\/gesd.edu.vn\/en\/lien-he\/\">Li\u00ean h\u00ea\u0323<\/a><\/li>\n<li id=\"menu-item-1029\" class=\"menu-item menu-item-type-post_type menu-item-object-page menu-item-has-children dropdown menu-item-1029\"><a href=\"https:\/\/gesd.edu.vn\/en\/?page_id=428\">Th\u01b0 vi\u1ec7n<\/a>\n<ul class=\"sub-menu\">\n\t<li id=\"menu-item-3573\" class=\"menu-item menu-item-type-custom menu-item-object-custom menu-item-has-children dropdown menu-item-3573\"><a href=\"#\">T\u01b0 li\u1ec7u tham kh\u1ea3o<\/a>\n\t<ul class=\"sub-menu\">\n\t\t<li id=\"menu-item-3575\" class=\"menu-item menu-item-type-custom menu-item-object-custom menu-item-3575\"><a href=\"https:\/\/docs.google.com\/spreadsheets\/d\/1mHu1VrPz-hzB6Or4SLWBuf12aKcivOYSUx7YGgWzHzA\/edit?usp=sharing\">\u0110\u1ec1 t\u00e0i\/Nhi\u1ec7m v\u1ee5 c\u00e1c c\u1ea5p<\/a><\/li>\n\t\t<li id=\"menu-item-3576\" class=\"menu-item menu-item-type-custom menu-item-object-custom menu-item-3576\"><a href=\"https:\/\/docs.google.com\/spreadsheets\/d\/1BYLdnKo88F2qiejScf5rlq5KYhpme3SupIet6wAOG-I\/edit?usp=sharing\">Nhi\u1ec7m v\u1ee5 TCN<\/a><\/li>\n\t\t<li id=\"menu-item-3577\" class=\"menu-item menu-item-type-custom menu-item-object-custom menu-item-3577\"><a href=\"https:\/\/docs.google.com\/spreadsheets\/d\/1eeYV6fRy_HcPNSLFGiSSfvsEVxlcpYqS3a-w404Fx9s\/edit?usp=sharing\">S\u00e1ch\/Gi\u00e1o tr\u00ecnh\/T\u00e0i li\u1ec7u<\/a><\/li>\n\t\t<li id=\"menu-item-3574\" class=\"menu-item menu-item-type-custom menu-item-object-custom menu-item-3574\"><a href=\"https:\/\/docs.google.com\/spreadsheets\/d\/15ttToLipszhbBwOP7pS7ce-3kYWbHka_wsFKap2ATAs\/edit?usp=sharing\">B\u00e0i b\u00e1o<\/a><\/li>\n\t<\/ul>\n<\/li>\n<\/ul>\n<\/li>\n<li id=\"menu-item-1869\" class=\"menu-item menu-item-type-custom menu-item-object-custom menu-item-has-children dropdown menu-item-1869\"><a href=\"#\">Tin n\u1ed9i b\u1ed9<\/a>\n<ul class=\"sub-menu\">\n\t<li id=\"menu-item-1994\" class=\"menu-item menu-item-type-post_type menu-item-object-page menu-item-1994\"><a href=\"https:\/\/gesd.edu.vn\/en\/lich-cong-tac\/\">L\u1ecbch c\u00f4ng t\u00e1c Trung t\u00e2m<\/a><\/li>\n\t<li id=\"menu-item-3570\" class=\"menu-item menu-item-type-post_type menu-item-object-page menu-item-3570\"><a href=\"https:\/\/gesd.edu.vn\/en\/lich-cong-tac-vien-v2\/\">L\u1ecbch c\u00f4ng t\u00e1c Vi\u1ec7n<\/a><\/li>\n\t<li id=\"menu-item-1936\" class=\"menu-item menu-item-type-post_type menu-item-object-page menu-item-1936\"><a href=\"https:\/\/gesd.edu.vn\/en\/van-ban\/\">V\u0103n b\u1ea3n, Bi\u1ec3u m\u1eabu<\/a><\/li>\n<\/ul>\n<\/li>\n<\/ul><\/div><\/div><div id=\"calendar-2\" class=\"tg-widget widget_calendar\"><div id=\"calendar_wrap\" class=\"calendar_wrap\"><table id=\"wp-calendar\" class=\"wp-calendar-table\">\n\t<caption>April 2026<\/caption>\n\t<thead>\n\t<tr>\n\t\t<th scope=\"col\" title=\"Monday\">M<\/th>\n\t\t<th scope=\"col\" title=\"Tuesday\">T<\/th>\n\t\t<th scope=\"col\" title=\"Wednesday\">W<\/th>\n\t\t<th scope=\"col\" title=\"Thursday\">T<\/th>\n\t\t<th scope=\"col\" title=\"Friday\">F<\/th>\n\t\t<th scope=\"col\" title=\"Saturday\">S<\/th>\n\t\t<th scope=\"col\" title=\"Sunday\">S<\/th>\n\t<\/tr>\n\t<\/thead>\n\t<tbody>\n\t<tr>\n\t\t<td colspan=\"2\" class=\"pad\">&nbsp;<\/td><td>1<\/td><td>2<\/td><td>3<\/td><td>4<\/td><td>5<\/td>\n\t<\/tr>\n\t<tr>\n\t\t<td id=\"today\">6<\/td><td>7<\/td><td>8<\/td><td>9<\/td><td>10<\/td><td>11<\/td><td>12<\/td>\n\t<\/tr>\n\t<tr>\n\t\t<td>13<\/td><td>14<\/td><td>15<\/td><td>16<\/td><td>17<\/td><td>18<\/td><td>19<\/td>\n\t<\/tr>\n\t<tr>\n\t\t<td>20<\/td><td>21<\/td><td>22<\/td><td>23<\/td><td>24<\/td><td>25<\/td><td>26<\/td>\n\t<\/tr>\n\t<tr>\n\t\t<td>27<\/td><td>28<\/td><td>29<\/td><td>30<\/td>\n\t\t<td class=\"pad\" colspan=\"3\">&nbsp;<\/td>\n\t<\/tr>\n\t<\/tbody>\n\t<\/table><nav aria-label=\"Previous and next months\" class=\"wp-calendar-nav\">\n\t\t<span class=\"wp-calendar-nav-prev\"><a href=\"https:\/\/gesd.edu.vn\/en\/2026\/03\">&laquo; Mar<\/a><\/span>\n\t\t<span class=\"pad\">&nbsp;<\/span>\n\t\t<span class=\"wp-calendar-nav-next\">&nbsp;<\/span>\n\t<\/nav><\/div><\/div><div id=\"edmento_recentposts-4\" class=\"tg-widget widget_edmento_recentposts\"><div class=\"tg-widgettitle\"><h3>Tin t\u1ee9c<\/h3><\/div>                <div class=\"tg-widgetcontent\">\r\n                                            <article class=\"tg-campus tg-campusleftthumb\">\r\n                            <figure class=\"tg-featuredimg\">\r\n                                <img src=\"https:\/\/gesd.edu.vn\/wp-content\/uploads\/2026\/03\/20260330.04-150x150.jpg\"  alt=\"hoi-thao-cong-bo-tai-lieu-huong-dan-to-chuc-giao-duc-dinh-duong-tai-cac-truong-tieu-hoc-viet-nam-theo-phuong-phap-nhat-ban\">\r\n                            <\/figure>\r\n                            <div class=\"tg-campuscontent\">\r\n                                <div class=\"tg-datetime\">\r\n                                    <i class=\"fa fa-calendar\"><\/i>\r\n                                    <span>Monday, Mar 30, 2026<\/span>\r\n                                <\/div>\r\n                                <div class=\"tg-campustitle\">\r\n                                    <h3><a href=\"https:\/\/gesd.edu.vn\/en\/hoi-thao-cong-bo-tai-lieu-huong-dan-to-chuc-giao-duc-dinh-duong-tai-cac-truong-tieu-hoc-viet-nam-theo-phuong-phap-nhat-ban\/\">H\u1ed9i th\u1ea3o c\u00f4ng b\u1ed1 t\u00e0i li\u1ec7u H\u01b0\u1edbng d\u1eabn t\u1ed5 ch\u1ee9c gi\u00e1o d\u1ee5c dinh d\u01b0\u1ee1ng t\u1ea1i c\u00e1c tr\u01b0\u1eddng Ti\u1ec3u h\u1ecdc Vi\u1ec7t Nam theo ph\u01b0\u01a1ng ph\u00e1p Nh\u1eadt B\u1ea3n<\/a><\/h3>\r\n                                <\/div>                                                        \r\n                            <\/div>\r\n                        <\/article>\r\n                                            <article class=\"tg-campus tg-campusleftthumb\">\r\n                            <figure class=\"tg-featuredimg\">\r\n                                <img src=\"https:\/\/gesd.edu.vn\/wp-content\/uploads\/2026\/03\/20260329.03-150x150.jpg\"  alt=\"chung-ket-hoi-thi-van-dung-long-ghep-chien-luoc-6c-vao-day-hoc-mon-giao-duc-the-chat-cap-tieu-hoc\">\r\n                            <\/figure>\r\n                            <div class=\"tg-campuscontent\">\r\n                                <div class=\"tg-datetime\">\r\n                                    <i class=\"fa fa-calendar\"><\/i>\r\n                                    <span>Sunday, Mar 29, 2026<\/span>\r\n                                <\/div>\r\n                                <div class=\"tg-campustitle\">\r\n                                    <h3><a href=\"https:\/\/gesd.edu.vn\/en\/chung-ket-hoi-thi-van-dung-long-ghep-chien-luoc-6c-vao-day-hoc-mon-giao-duc-the-chat-cap-tieu-hoc\/\">Chung k\u1ebft H\u1ed9i thi \u201cV\u1eadn d\u1ee5ng l\u1ed3ng gh\u00e9p Chi\u1ebfn l\u01b0\u1ee3c 6C v\u00e0o d\u1ea1y h\u1ecdc m\u00f4n Gi\u00e1o d\u1ee5c th\u1ec3 ch\u1ea5t c\u1ea5p ti\u1ec3u h\u1ecdc\u201d<\/a><\/h3>\r\n                                <\/div>                                                        \r\n                            <\/div>\r\n                        <\/article>\r\n                                            <article class=\"tg-campus tg-campusleftthumb\">\r\n                            <figure class=\"tg-featuredimg\">\r\n                                <img src=\"https:\/\/gesd.edu.vn\/wp-content\/uploads\/2026\/03\/20260323.01-150x150.jpg\"  alt=\"hoi-thao-khoa-hoc-mo-hinh-truong-nghe-ky-thuat-o-trung-hoc-pho-thong-kinh-nghiem-quoc-te-thuc-tien-viet-nam-va-dinh-huong-phat-trien\">\r\n                            <\/figure>\r\n                            <div class=\"tg-campuscontent\">\r\n                                <div class=\"tg-datetime\">\r\n                                    <i class=\"fa fa-calendar\"><\/i>\r\n                                    <span>Tuesday, Mar 24, 2026<\/span>\r\n                                <\/div>\r\n                                <div class=\"tg-campustitle\">\r\n                                    <h3><a href=\"https:\/\/gesd.edu.vn\/en\/hoi-thao-khoa-hoc-mo-hinh-truong-nghe-ky-thuat-o-trung-hoc-pho-thong-kinh-nghiem-quoc-te-thuc-tien-viet-nam-va-dinh-huong-phat-trien\/\">H\u1ed9i th\u1ea3o khoa h\u1ecdc M\u00f4 h\u00ecnh tr\u01b0\u1eddng ngh\u1ec1\/k\u1ef9 thu\u1eadt \u1edf Trung h\u1ecdc ph\u1ed5 th\u00f4ng: Kinh nghi\u1ec7m qu\u1ed1c t\u1ebf, th\u1ef1c ti\u1ec5n Vi\u1ec7t Nam v\u00e0 \u0111\u1ecbnh h\u01b0\u1edbng ph\u00e1t tri\u1ec3n<\/a><\/h3>\r\n                                <\/div>                                                        \r\n                            <\/div>\r\n                        <\/article>\r\n                                    <\/div>\r\n                <\/div><div id=\"media_video-2\" class=\"tg-widget widget_media_video\"><div class=\"tg-widgettitle\"><h3>Video<\/h3><\/div><div style=\"width:100%;\" class=\"wp-video\"><!--[if lt IE 9]><script>document.createElement('video');<\/script><![endif]-->\n<video class=\"wp-video-shortcode\" id=\"video-4061-1\" loop=\"1\" preload=\"metadata\" controls=\"controls\"><source type=\"video\/mp4\" src=\"https:\/\/gesd.edu.vn\/wp-content\/uploads\/2021\/11\/vkhgdvn-06121961-06122021.mp4?_=1\" \/><source type=\"video\/mp4\" src=\"http:\/\/52.76.64.37\/wp-content\/uploads\/2021\/11\/vkhgdvn-06121961-06122021.mp4?_=1\" \/><a href=\"https:\/\/gesd.edu.vn\/wp-content\/uploads\/2021\/11\/vkhgdvn-06121961-06122021.mp4\">https:\/\/gesd.edu.vn\/wp-content\/uploads\/2021\/11\/vkhgdvn-06121961-06122021.mp4<\/a><\/video><\/div><\/div><div id=\"wp_statsmechanic-3\" class=\"tg-widget widget_wp_statsmechanic\"><div class=\"tg-widgettitle\"><h3>Th\u1ed1ng k\u00ea<\/h3><\/div><link rel='stylesheet' type='text\/css' href='https:\/\/gesd.edu.vn\/wp-content\/plugins\/mechanic-visitor-counter\/styles\/css\/default.css' \/><div id='mvcwid' style='font-size:2; text-align:;color:;'>\n\t<div id=\"mvccount\"><img src='https:\/\/gesd.edu.vn\/wp-content\/plugins\/mechanic-visitor-counter\/styles\/image\/chevy\/0.gif' alt='0'><img src='https:\/\/gesd.edu.vn\/wp-content\/plugins\/mechanic-visitor-counter\/styles\/image\/chevy\/6.gif' alt='6'><img src='https:\/\/gesd.edu.vn\/wp-content\/plugins\/mechanic-visitor-counter\/styles\/image\/chevy\/4.gif' alt='4'><img src='https:\/\/gesd.edu.vn\/wp-content\/plugins\/mechanic-visitor-counter\/styles\/image\/chevy\/6.gif' alt='6'><img src='https:\/\/gesd.edu.vn\/wp-content\/plugins\/mechanic-visitor-counter\/styles\/image\/chevy\/4.gif' alt='4'><img src='https:\/\/gesd.edu.vn\/wp-content\/plugins\/mechanic-visitor-counter\/styles\/image\/chevy\/5.gif' alt='5'><img src='https:\/\/gesd.edu.vn\/wp-content\/plugins\/mechanic-visitor-counter\/styles\/image\/chevy\/1.gif' alt='1'><\/div>\n\t<div id=\"mvctable\">\n        \t<table width='100%'>\n                        <tr><td style='font-size:2; text-align:;color:;'><img src='https:\/\/gesd.edu.vn\/wp-content\/plugins\/mechanic-visitor-counter\/counter\/mvconline.png'> Who's Online : 5<\/td><\/tr>\n                                    <tr><td style='font-size:2; text-align:;color:;'><img src='https:\/\/gesd.edu.vn\/wp-content\/plugins\/mechanic-visitor-counter\/counter\/mvcvisit.png'> Visit Today : 377<\/td><\/tr>\n                                                <tr><td style='font-size:2; text-align:;color:;'><img src='https:\/\/gesd.edu.vn\/wp-content\/plugins\/mechanic-visitor-counter\/counter\/mvcmonth.png'> This Month : 3566<\/td><\/tr>\n                        \t\t\t            <tr><td style='font-size:2; text-align:;color:;'><img src='https:\/\/gesd.edu.vn\/wp-content\/plugins\/mechanic-visitor-counter\/counter\/mvctotal.png'> Total Visit : 646451<\/td><\/tr>\n                                                <\/table>\n    \t<\/div>\n        \t\t       \n <\/div> \n            <\/div>            <\/aside>\r\n        <\/div>\r\n    <\/section>","protected":false},"excerpt":{"rendered":"<p>Ng\u00e0y 23\/3\/2026, Trung t\u00e2m Nghi\u00ean c\u1ee9u Ph\u00e1t tri\u1ec3n ch\u01b0\u01a1ng tr\u00ecnh v\u00e0 \u0110\u00e1nh gi\u00e1 gi\u00e1o d\u1ee5c thu\u1ed9c Vi\u1ec7n Khoa h\u1ecdc Gi\u00e1o d\u1ee5c Vi\u1ec7t Nam \u0111\u00e3 t\u1ed5 ch\u1ee9c H\u1ed9i th\u1ea3o khoa h\u1ecdc v\u1edbi ch\u1ee7 \u0111\u1ec1 \u201cM\u00f4 h\u00ecnh tr\u01b0\u1eddng ngh\u1ec1\/k\u1ef9 thu\u1eadt \u1edf Trung h\u1ecdc ph\u1ed5 th\u00f4ng: Kinh nghi\u1ec7m qu\u1ed1c t\u1ebf, th\u1ef1c ti\u1ec5n Vi\u1ec7t Nam v\u00e0 \u0111\u1ecbnh h\u01b0\u1edbng ph\u00e1t&#8230;.<\/p>","protected":false},"author":1,"featured_media":0,"parent":0,"menu_order":0,"comment_status":"closed","ping_status":"closed","template":"","meta":[],"_links":{"self":[{"href":"https:\/\/gesd.edu.vn\/en\/wp-json\/wp\/v2\/pages\/1159"}],"collection":[{"href":"https:\/\/gesd.edu.vn\/en\/wp-json\/wp\/v2\/pages"}],"about":[{"href":"https:\/\/gesd.edu.vn\/en\/wp-json\/wp\/v2\/types\/page"}],"author":[{"embeddable":true,"href":"https:\/\/gesd.edu.vn\/en\/wp-json\/wp\/v2\/users\/1"}],"replies":[{"embeddable":true,"href":"https:\/\/gesd.edu.vn\/en\/wp-json\/wp\/v2\/comments?post=1159"}],"version-history":[{"count":12,"href":"https:\/\/gesd.edu.vn\/en\/wp-json\/wp\/v2\/pages\/1159\/revisions"}],"predecessor-version":[{"id":1953,"href":"https:\/\/gesd.edu.vn\/en\/wp-json\/wp\/v2\/pages\/1159\/revisions\/1953"}],"wp:attachment":[{"href":"https:\/\/gesd.edu.vn\/en\/wp-json\/wp\/v2\/media?parent=1159"}],"curies":[{"name":"wp","href":"https:\/\/api.w.org\/{rel}","templated":true}]}}