{"id":1015,"date":"2020-11-16T14:27:39","date_gmt":"2020-11-16T14:27:39","guid":{"rendered":"http:\/\/52.76.64.37\/?page_id=1015"},"modified":"2025-11-07T13:14:28","modified_gmt":"2025-11-07T06:14:28","slug":"tam-nhin-va-su-menh","status":"publish","type":"page","link":"https:\/\/gesd.edu.vn\/en\/tam-nhin-va-su-menh\/","title":{"rendered":"T\u1ea7m nh\u00ecn v\u00e0 S\u1ee9 m\u1ec7nh"},"content":{"rendered":"<section  class=\"edmento-elm-section tg-haslayout  default\"  style=\"background-color:rgba(0,0,0,0);background-repeat:no-repeat;background-position:0% 100%; background-size: cover;\"  >\r\n        <div class=\"builder-items\">\r\n                        <div class=\"col-xs-12 col-md-8 builder-column\" >\r\n    \r\n<div class=\"sc-heading tg-haslayout\">\r\n\t\t\t<div class=\"tg-titleborder\">\r\n\t\t\t<h2>T\u1ea6M NH\u00ccN V\u00c0 S\u1ee8 M\u1ec6NH<\/h2>\r\n\t\t<\/div>\r\n\t<\/div><h4><strong>T\u1ea6M NH\u00ccN<\/strong><\/h4><p>T\u1ea7m nh\u00ecn c\u1ee7a Trung t\u00e2m l\u00e0 tr\u1edf th\u00e0nh m\u1ed9t trung t\u00e2m nghi\u00ean c\u1ee9u h\u00e0ng \u0111\u1ea7u khu v\u1ef1c v\u1ec1 gi\u00e1o d\u1ee5c ph\u1ed5 th\u00f4ng n\u00f3i chung v\u00e0 v\u1ec1 ch\u01b0\u01a1ng tr\u00ecnh gi\u00e1o d\u1ee5c ph\u1ed5 th\u00f4ng qu\u1ed1c gia n\u00f3i ri\u00eang. Ba m\u1ee5c ti\u00eau ch\u00ednh c\u1ee7a trung t\u00e2m: m\u1ed9t l\u00e0 tr\u1edf th\u00e0nh trung t\u00e2m xu\u1ea5t s\u1eafc v\u1ec1 \u0111\u00e1nh gi\u00e1 v\u00e0 ph\u00e1t tri\u1ec3n ch\u01b0\u01a1ng tr\u00ecnh gi\u00e1o d\u1ee5c ph\u1ed5 th\u00f4ng; hai l\u00e0 tr\u1edf th\u00e0nh trung t\u00e2m h\u00e0ng \u0111\u1ea7u v\u1ec1 nghi\u00ean c\u1ee9u ch\u00ednh s\u00e1ch gi\u00e1o d\u1ee5c ph\u1ed5 th\u00f4ng; ba l\u00e0 tr\u1edf th\u00e0nh m\u1ed9t trung t\u00e2m nghi\u00ean c\u1ee9u \u0111\u1eb3ng c\u1ea5p khu v\u1ef1c, c\u00f3 kh\u1ea3 n\u0103ng c\u1ea1nh tranh nghi\u00ean c\u1ee9u qu\u1ed1c t\u1ebf trong l\u0129nh v\u1ef1c gi\u00e1o d\u1ee5c ph\u1ed5 th\u00f4ng.<\/p><h4><strong>CHI\u1ebeN L\u01af\u1ee2C<\/strong><\/h4><p>Trung t\u00e2m Nghi\u00ean c\u1ee9u Ph\u00e1t tri\u1ec3n Ch\u01b0\u01a1ng tr\u00ecnh v\u00e0 \u0110\u00e1nh gi\u00e1 Gi\u00e1o d\u1ee5c \u0111\u01b0\u1ee3c x\u00e2y d\u1ef1ng v\u1edbi nhi\u1ec7m v\u1ee5 \u0111\u00f3ng g\u00f3p cho ph\u00e1t tri\u1ec3n b\u1ec1n v\u1eefng ch\u1ea5t l\u01b0\u1ee3ng gi\u00e1o d\u1ee5c ph\u1ed5 th\u00f4ng \u1edf Vi\u1ec7t Nam, th\u00f4ng qua c\u00e1c nghi\u00ean c\u1ee9u c\u01a1 b\u1ea3n v\u1ec1 gi\u00e1o d\u1ee5c ph\u1ed5 th\u00f4ng; v\u1ec1 ph\u00e1t tri\u1ec3n ch\u01b0\u01a1ng tr\u00ecnh gi\u00e1o d\u1ee5c ph\u1ed5 th\u00f4ng; v\u1ec1 n\u1ed9i dung, ph\u01b0\u01a1ng ph\u00e1p d\u1ea1y h\u1ecdc, c\u00e1c \u0111i\u1ec1u ki\u1ec7n \u0111\u1ea3m b\u1ea3o trong d\u1ea1y h\u1ecdc; v\u1ec1 thi, ki\u1ec3m tra, \u0111\u00e1nh gi\u00e1 v\u00e0 \u0111\u1ea3m b\u1ea3o ch\u1ea5t l\u01b0\u1ee3ng gi\u00e1o d\u1ee5c ph\u1ed5 th\u00f4ng.<\/p><\/div>\r\n<div class=\"col-xs-12  col-md-4 builder-column\" >\r\n    \r\n<div class=\"sc-information tg-haslayout\">\r\n\t<div class=\"tg-noticeboardarea\">\r\n\t\t<div class=\"tg-widget tg-widgetadmissionform\">\r\n\t\t\t\t\t\t\t<div class=\"tg-widgetcontent\" style=background:#52b554>\r\n\t\t\t\t\t\t\t\t\t\t\t\t\t\t\t\t<div class=\"tg-description\">\r\n\t\t\t\t\t\t\t<p><img class=\"attachment-1140x289 size-1140x289\" src=\"http:\/\/52.76.64.37\/wp-content\/uploads\/2020\/11\/image-6.jpg\" alt=\"\" \/><\/p>\n<p>Th\u01b0 m\u1ee5c gi\u1edbi thi\u1ec7u t\u00e0i li\u1ec7u m\u1edbi s\u1ed1 2 n\u0103m 2020<\/p>\n\t\t\t\t\t\t<\/div>\r\n\t\t\t\t\t\t\r\n\t\t\t\t\t\t\t\t\t\t\t<a class=\"tg-btn tg-btnicon\" href=\"\/\/52.76.64.37\/wp-content\/uploads\/2017\/09\/result-1.pdf\">\r\n\t\t\t\t\t\t\t<i class=\"fa fa-file-pdf-o\"><\/i>\r\n\t\t\t\t\t\t\t<span>T\u1ea3i ngay<\/span>\r\n\t\t\t\t\t\t<\/a>\r\n\t\t\t\t\t\t\t\t\t<\/div>\r\n\t\t\t\t\t<\/div>\r\n\t<\/div>\r\n<\/div>\r\n<div class=\"sc-information tg-haslayout\">\r\n\t<div class=\"tg-noticeboardarea\">\r\n\t\t<div class=\"tg-widget tg-widgetadmissionform\">\r\n\t\t\t\t\t\t\t<div class=\"tg-widgetcontent\" style=background:#3575d3>\r\n\t\t\t\t\t\t\t\t\t\t\t\t\t\t\t\t<div class=\"tg-description\">\r\n\t\t\t\t\t\t\t<p><img class=\"attachment\" src=\"http:\/\/52.76.64.37\/wp-content\/uploads\/2020\/11\/image-5.jpg\" alt=\"\" \/><\/p>\n<div>T\u1eadp hu\u1ea5n \u201c Ph\u01b0\u01a1ng ph\u00e1p d\u1ea1y h\u1ecdc m\u00f4n Gi\u00e1o d\u1ee5c th\u1ec3 ch\u1ea5t c\u1ea5p Ti\u1ec3u h\u1ecdc theo Chi\u1ebfn l\u01b0\u1ee3c 6C\u201d<\/div>\n\t\t\t\t\t\t<\/div>\r\n\t\t\t\t\t\t\r\n\t\t\t\t\t\t\t\t\t<\/div>\r\n\t\t\t\t\t<\/div>\r\n\t<\/div>\r\n<\/div><\/div>\r\n        <\/div>\r\n    <\/section>","protected":false},"excerpt":{"rendered":"<p>T\u1ea6M NH\u00ccN V\u00c0 S\u1ee8 M\u1ec6NH T\u1ea6M NH\u00ccNT\u1ea7m nh\u00ecn c\u1ee7a Trung t\u00e2m l\u00e0 tr\u1edf th\u00e0nh m\u1ed9t trung t\u00e2m nghi\u00ean c\u1ee9u h\u00e0ng \u0111\u1ea7u khu v\u1ef1c v\u1ec1 gi\u00e1o d\u1ee5c ph\u1ed5 th\u00f4ng n\u00f3i chung v\u00e0 v\u1ec1 ch\u01b0\u01a1ng tr\u00ecnh gi\u00e1o d\u1ee5c ph\u1ed5 th\u00f4ng qu\u1ed1c gia n\u00f3i ri\u00eang. Ba m\u1ee5c ti\u00eau ch\u00ednh c\u1ee7a trung t\u00e2m: m\u1ed9t l\u00e0 tr\u1edf th\u00e0nh trung t\u00e2m&#8230;.<\/p>","protected":false},"author":1,"featured_media":0,"parent":0,"menu_order":0,"comment_status":"closed","ping_status":"closed","template":"","meta":[],"_links":{"self":[{"href":"https:\/\/gesd.edu.vn\/en\/wp-json\/wp\/v2\/pages\/1015"}],"collection":[{"href":"https:\/\/gesd.edu.vn\/en\/wp-json\/wp\/v2\/pages"}],"about":[{"href":"https:\/\/gesd.edu.vn\/en\/wp-json\/wp\/v2\/types\/page"}],"author":[{"embeddable":true,"href":"https:\/\/gesd.edu.vn\/en\/wp-json\/wp\/v2\/users\/1"}],"replies":[{"embeddable":true,"href":"https:\/\/gesd.edu.vn\/en\/wp-json\/wp\/v2\/comments?post=1015"}],"version-history":[{"count":7,"href":"https:\/\/gesd.edu.vn\/en\/wp-json\/wp\/v2\/pages\/1015\/revisions"}],"predecessor-version":[{"id":3718,"href":"https:\/\/gesd.edu.vn\/en\/wp-json\/wp\/v2\/pages\/1015\/revisions\/3718"}],"wp:attachment":[{"href":"https:\/\/gesd.edu.vn\/en\/wp-json\/wp\/v2\/media?parent=1015"}],"curies":[{"name":"wp","href":"https:\/\/api.w.org\/{rel}","templated":true}]}}