{"id":1011,"date":"2020-11-16T14:22:04","date_gmt":"2020-11-16T14:22:04","guid":{"rendered":"http:\/\/52.76.64.37\/?page_id=1011"},"modified":"2025-11-06T15:30:34","modified_gmt":"2025-11-06T08:30:34","slug":"chuc-nang-nhiem-vu-va-cac-don-vi-thuoc-trung-tam","status":"publish","type":"page","link":"https:\/\/gesd.edu.vn\/en\/chuc-nang-nhiem-vu-va-cac-don-vi-thuoc-trung-tam\/","title":{"rendered":"Ch\u1ee9c n\u0103ng, nhi\u1ec7m v\u1ee5 v\u00e0 c\u00e1c \u0111\u01a1n v\u1ecb thu\u1ed9c trung t\u00e2m"},"content":{"rendered":"<section  class=\"edmento-elm-section tg-haslayout  default\"  style=\"background-color:rgba(0,0,0,0);background-repeat:no-repeat;background-position:0% 100%; background-size: cover;\"  >\r\n        <div class=\"builder-items\">\r\n                        <div class=\"col-xs-12 col-md-8 builder-column\" >\r\n    \r\n<div class=\"sc-heading tg-haslayout\">\r\n\t\t\t<div class=\"tg-titleborder\">\r\n\t\t\t<h2>CH\u1ee8C N\u0102NG, NHI\u1ec6M V\u1ee4 V\u00c0 C\u00c1C \u0110\u01a0N V\u1eca THU\u1ed8C TRUNG T\u00c2M<\/h2>\r\n\t\t<\/div>\r\n\t<\/div><h4><strong>V\u1ecb tr\u00ed ph\u00e1p l\u00fd<\/strong><\/h4><p>Trung t\u00e2m Nghi\u00ean c\u1ee9u Ph\u00e1t tri\u1ec3n Ch\u01b0\u01a1ng tr\u00ecnh v\u00e0 \u0110\u00e1nh gi\u00e1 gi\u00e1o d\u1ee5c (g\u1ecdi t\u1eaft l\u00e0 Trung t\u00e2m) l\u00e0 \u0111\u01a1n v\u1ecb nghi\u00ean c\u1ee9u thu\u1ed9c Vi\u1ec7n Khoa h\u1ecdc Gi\u00e1o d\u1ee5c Vi\u1ec7t Nam (VKHGDVN)<br \/>T\u00ean giao d\u1ecbch b\u1eb1ng Ti\u1ebfng Anh: Research Center for Educational Curriculum and Assessment, vi\u1ebft t\u1eaft l\u00e0 RCECA.<\/p><h4><strong>Ch\u1ee9c n\u0103ng<\/strong><\/h4><p>Nghi\u00ean c\u1ee9u l\u00fd lu\u1eadn v\u00e0 th\u1ef1c ti\u1ec5n v\u1ec1 ph\u00e1t tri\u1ec3n ch\u01b0\u01a1ng tr\u00ecnh v\u00e0 \u0111\u00e1nh gi\u00e1 gi\u00e1o d\u1ee5c ph\u1ed5 th\u00f4ng; tham gia \u0111\u00e0o t\u1ea1o sau \u0111\u1ea1i h\u1ecdc; tham gia h\u1ee3p t\u00e1c, b\u1ed3i d\u01b0\u1ee1ng, t\u01b0 v\u1ea5n trong l\u0129nh v\u1ef1c ph\u00e1t tri\u1ec3n ch\u01b0\u01a1ng tr\u00ecnh v\u00e0 \u0111\u00e1nh gi\u00e1 gi\u00e1o d\u1ee5c.<\/p><h4><strong>Nhi\u1ec7m v\u1ee5 v\u00e0 quy\u1ec1n h\u1ea1n<\/strong><\/h4><ol><li>Nghi\u00ean c\u1ee9u l\u00fd lu\u1eadn, c\u01a1 s\u1edf th\u1ef1c ti\u1ec5n v\u00e0 xu h\u01b0\u1edbng qu\u1ed1c t\u1ebf v\u1ec1 ph\u00e1t tri\u1ec3n ch\u01b0\u01a1ng tr\u00ecnh gi\u00e1o d\u1ee5c; x\u00e2y d\u1ef1ng, \u0111\u00e1nh gi\u00e1, \u0111i\u1ec1u ch\u1ec9nh v\u00e0 ph\u00e1t tri\u1ec3n ch\u01b0\u01a1ng tr\u00ecnh gi\u00e1o d\u1ee5c ph\u1ed5 th\u00f4ng<\/li><li>Nghi\u00ean c\u1ee9u l\u00fd lu\u1eadn, c\u01a1 s\u1edf th\u1ef1c ti\u1ec5n v\u00e0 ph\u00e1t tri\u1ec3n h\u1ec7 th\u1ed1ng \u0111\u00e1nh gi\u00e1 gi\u00e1o d\u1ee5c, bao g\u1ed3m m\u00f4 h\u00ecnh, ph\u01b0\u01a1ng th\u1ee9c, ti\u00eau chu\u1ea9n, ti\u00eau ch\u00ed, thang \u0111o v\u00e0 c\u00f4ng c\u1ee5 \u0111\u00e1nh gi\u00e1 ng\u01b0\u1eddi h\u1ecdc, ng\u01b0\u1eddi d\u1ea1y v\u00e0 c\u01a1 s\u1edf gi\u00e1o d\u1ee5c<\/li><li>Nghi\u00ean c\u1ee9u m\u00f4 h\u00ecnh \u0111\u1ea3m b\u1ea3o ch\u1ea5t l\u01b0\u1ee3ng c\u01a1 s\u1edf gi\u00e1o d\u1ee5c trong n\u01b0\u1edbc v\u00e0 qu\u1ed1c t\u1ebf; nghi\u00ean c\u1ee9u c\u00e1c \u0111i\u1ec1u ki\u1ec7n \u0111\u1ea3m b\u1ea3o ch\u1ea5t l\u01b0\u1ee3ng nh\u01b0 h\u1ecdc li\u1ec7u, s\u00e1ch gi\u00e1o khoa, thi\u1ebft b\u1ecb d\u1ea1y h\u1ecdc, c\u01a1 s\u1edf v\u1eadt ch\u1ea5t; th\u1ea9m \u0111\u1ecbnh, \u0111\u00e1nh gi\u00e1 ch\u01b0\u01a1ng tr\u00ecnh, h\u1ecdc li\u1ec7u, thi\u1ebft b\u1ecb d\u1ea1y h\u1ecdc<\/li><li>Nghi\u00ean c\u1ee9u m\u00f4 h\u00ecnh gi\u00e1o d\u1ee5c v\u00e0 t\u1ed5 ch\u1ee9c d\u1ea1y h\u1ecdc, g\u1ed3m m\u00f4 h\u00ecnh l\u1edbp h\u1ecdc, tr\u01b0\u1eddng h\u1ecdc; ph\u00e2n h\u1ec7, giai \u0111o\u1ea1n gi\u00e1o d\u1ee5c; ph\u01b0\u01a1ng ph\u00e1p, h\u00ecnh th\u1ee9c t\u1ed5 ch\u1ee9c, ho\u1ea1t \u0111\u1ed9ng gi\u00e1o d\u1ee5c trong v\u00e0 ngo\u00e0i nh\u00e0 tr\u01b0\u1eddng ph\u00f9 h\u1ee3p v\u1edbi \u0111i\u1ec1u ki\u1ec7n v\u00f9ng mi\u1ec1n<\/li><li>Nghi\u00ean c\u1ee9u v\u00e0 ph\u00e1t tri\u1ec3n ph\u01b0\u01a1ng ph\u00e1p gi\u1ea3m d\u1ea1y, t\u1ed5 ch\u1ee9c ho\u1ea1t \u0111\u1ed9ng h\u1ecdc t\u1eadp; b\u1ed3i d\u01b0\u1ee1ng, ph\u00e1t tri\u1ec3n n\u0103ng l\u1ef1c ngh\u1ec1 nghi\u1ec7p cho gi\u00e1o vi\u00ean v\u00e0 c\u00e1n b\u1ed9 qu\u1ea3n l\u00fd gi\u00e1o d\u1ee5c<\/li><li>Nghi\u00ean c\u1ee9u v\u00e0 d\u1ef1 b\u00e1o k\u1ef9 n\u0103ng t\u01b0\u01a1ng lai; x\u00e2y d\u1ef1ng khung n\u0103ng l\u1ef1c, ph\u00e1t tri\u1ec3n n\u0103ng l\u1ef1c v\u00e0 k\u1ef9 n\u0103ng \u0111\u00e1p \u1ee9ng y\u00eau c\u1ea7u c\u1ee7a th\u1eddi k\u1ef3 m\u1edbi cho h\u1ecdc sinh ph\u1ed5 th\u00f4ng<\/li><li>Nghi\u00ean c\u1ee9u v\u00e0 tri\u1ec3n khai gi\u1ea3i ph\u00e1p chuy\u1ec3n \u0111\u1ed5i s\u1ed1 trong gi\u00e1o d\u1ee5c; l\u1ed3ng gh\u00e9p v\u00e0 t\u00edch h\u1ee3p c\u00e1c n\u1ed9i ducg gi\u00e1o d\u1ee5c trong nh\u00e0 tr\u01b0\u1eddng; h\u1ed7 tr\u1ee3 c\u00e1c d\u1ef1 \u00e1n \u0111\u1ed5i m\u1edbi s\u00e1ng t\u1ea1o, kh\u1edfi nghi\u1ec7p gi\u00e1o d\u1ee5c.<\/li><li>Th\u1ef1c nghi\u1ec7m v\u00e0 chuy\u1ec3n giao c\u00e1c k\u1ebft qu\u1ea3 nghi\u00ean c\u1ee9u v\u1ec1 ph\u00e1t tri\u1ec3n ch\u01b0\u01a1ng tr\u00ecnh v\u00e0 \u0111\u00e1nh gi\u00e1 gi\u00e1o d\u1ee5c ph\u00f9 h\u1ee3p v\u1edbi \u0111\u1ed1i t\u01b0\u1ee3ng ng\u01b0\u1eddi h\u1ecdc v\u00e0 \u0111i\u1ec1u ki\u1ec7n c\u00e1c v\u00f9ng mi\u1ec1n<\/li><li>Tham gia h\u1ee3p t\u00e1c trong l\u00e0 ngo\u00e0i n\u01b0\u1edbc v\u1ec1 nghi\u00ean c\u1ee9u, \u0111\u00e0o t\u1ea1o, b\u1ed3i d\u01b0\u1ee1ng n\u00e2ng cao n\u0103ng l\u1ef1c \u0111\u1ed9i ng\u0169; t\u01b0 v\u1ea5n chi\u1ebfn l\u01b0\u1ee3c, gi\u1ea3i ph\u00e1p, ch\u00ednh s\u00e1ch ph\u00e1t tri\u1ec3n nh\u00e0 tr\u01b0\u1eddng; tham gia th\u1ef1c hi\u1ec7n d\u1ecbch v\u1ee5 v\u00e0 t\u01b0 v\u1ea5n gi\u00e1o d\u1ee5c v\u1ec1 l\u0129nh v\u1ef1c ph\u00e1t tri\u1ec3n ch\u01b0\u01a1ng tr\u00ecnh v\u00e0 \u0111\u00e1nh gi\u00e1 gi\u00e1o d\u1ee5c ph\u1ed5 th\u00f4ng<\/li><li>Thu th\u1eadp, x\u1eed l\u00fd, l\u01b0u tr\u1eef v\u00e0 truy\u1ec1n th\u00f4ng th\u00f4ng tin khoa h\u1ecdc gi\u00e1o d\u1ee5c; ph\u1ed5 bi\u1ebfn kinh nghi\u1ec7m v\u00e0 th\u00e0nh t\u1ef1u hi\u1ec7n \u0111\u1ea1i trong n\u01b0\u1edbc, qu\u1ed1c t\u1ebf; t\u1ed5 ch\u1ee9c h\u1ed9i th\u1ea3o, h\u1ed9i ngh\u1ecb, trao \u0111\u1ed5i v\u00e0 h\u1ee3p t\u00e1c chuy\u00ean m\u00f4n v\u1ec1 l\u0129nh v\u1ef1c ph\u00e1t tri\u1ec3n ch\u01b0\u01a1ng tr\u00ecnh v\u00e0 \u0111\u00e1nh gi\u00e1 gi\u00e1o d\u1ee5c.<\/li><li>Th\u1ef1c hi\u1ec7n c\u00e1c ch\u01b0\u01a1ng tr\u00ecnh, \u0111\u1ec1 \u00e1n, \u0111\u1ec1 t\u00e0i, d\u1ef1 \u00e1n nghi\u00ean c\u1ee9u v\u00e0 h\u1ee3p t\u00e1c theo quy \u0111\u1ecbnh ph\u00e1p lu\u1eadt.<\/li><li>Th\u1ef1c hi\u1ec7n c\u00e1c nhi\u1ec7m v\u1ee5 kh\u00e1c do Vi\u1ec7n tr\u01b0\u1edfng Vi\u1ec7n Khoa h\u1ecdc Gi\u00e1o d\u1ee5c Vi\u1ec7t Nam giao.<\/li><\/ol><h4><strong>C\u01a1 c\u1ea5u t\u1ed5 ch\u1ee9c<\/strong><\/h4><ol><li>Gi\u00e1m \u0111\u1ed1c v\u00e0 c\u00e1c Ph\u00f3 Gi\u00e1m \u0111\u1ed1c<\/li><li>C\u00e1c ph\u00f2ng thu\u1ed9c trung t\u00e2m<ol style=\"list-style: lower-alpha;\"><li>Ph\u00f2ng Nghi\u00ean c\u1ee9u Ph\u00e1t tri\u1ec3n Ch\u01b0\u01a1ng tr\u00ecnh gi\u00e1o d\u1ee5c<\/li><li>Ph\u00f2ng Nghi\u00ean c\u1ee9u \u0110\u00e1nh gi\u00e1 gi\u00e1o d\u1ee5c<\/li><li>Ph\u00f2ng Nghi\u00ean c\u1ee9u \u0110\u1ed5i m\u1edbi s\u01b0 ph\u1ea1m v\u00e0 Ph\u00e1t tri\u1ec3n \u0111\u1ed9i ng\u0169<\/li><li>Ph\u00f2ng Nghi\u00ean c\u1ee9u Ph\u00e1t tri\u1ec3n N\u0103ng l\u1ef1c v\u00e0 K\u1ef9 n\u0103ng t\u01b0\u01a1ng lai<\/li><li>Ph\u00f2ng Nghi\u00ean c\u1ee9u \u0110\u1ed5i m\u1edbi s\u00e1ng t\u1ea1o v\u00e0 Chuy\u1ec3n \u0111\u1ed5i s\u1ed1<\/li><\/ol><\/li><\/ol><\/div>\r\n<div class=\"col-xs-12  col-md-4 builder-column\" >\r\n    \r\n<div class=\"sc-information tg-haslayout\">\r\n\t<div class=\"tg-noticeboardarea\">\r\n\t\t<div class=\"tg-widget tg-widgetadmissionform\">\r\n\t\t\t\t\t\t\t<div class=\"tg-widgetcontent\" style=background:#52b554>\r\n\t\t\t\t\t\t\t\t\t\t\t\t\t\t\t\t<div class=\"tg-description\">\r\n\t\t\t\t\t\t\t<p><img class=\"attachment-1140x289 size-1140x289\" src=\"http:\/\/52.76.64.37\/wp-content\/uploads\/2020\/11\/image-6.jpg\" alt=\"\" \/><\/p>\n<p>Th\u01b0 m\u1ee5c gi\u1edbi thi\u1ec7u t\u00e0i li\u1ec7u m\u1edbi s\u1ed1 2 n\u0103m 2020<\/p>\n\t\t\t\t\t\t<\/div>\r\n\t\t\t\t\t\t\r\n\t\t\t\t\t\t\t\t\t\t\t<a class=\"tg-btn tg-btnicon\" href=\"\/\/52.76.64.37\/wp-content\/uploads\/2017\/09\/result-1.pdf\">\r\n\t\t\t\t\t\t\t<i class=\"fa fa-file-pdf-o\"><\/i>\r\n\t\t\t\t\t\t\t<span>T\u1ea3i ngay<\/span>\r\n\t\t\t\t\t\t<\/a>\r\n\t\t\t\t\t\t\t\t\t<\/div>\r\n\t\t\t\t\t<\/div>\r\n\t<\/div>\r\n<\/div>\r\n<div class=\"sc-information tg-haslayout\">\r\n\t<div class=\"tg-noticeboardarea\">\r\n\t\t<div class=\"tg-widget tg-widgetadmissionform\">\r\n\t\t\t\t\t\t\t<div class=\"tg-widgetcontent\" style=background:#3575d3>\r\n\t\t\t\t\t\t\t\t\t\t\t\t\t\t\t\t<div class=\"tg-description\">\r\n\t\t\t\t\t\t\t<p><img class=\"attachment\" src=\"http:\/\/52.76.64.37\/wp-content\/uploads\/2020\/11\/image-5.jpg\" alt=\"\" \/><\/p>\n<div>T\u1eadp hu\u1ea5n \u201c Ph\u01b0\u01a1ng ph\u00e1p d\u1ea1y h\u1ecdc m\u00f4n Gi\u00e1o d\u1ee5c th\u1ec3 ch\u1ea5t c\u1ea5p Ti\u1ec3u h\u1ecdc theo Chi\u1ebfn l\u01b0\u1ee3c 6C\u201d<\/div>\n\t\t\t\t\t\t<\/div>\r\n\t\t\t\t\t\t\r\n\t\t\t\t\t\t\t\t\t<\/div>\r\n\t\t\t\t\t<\/div>\r\n\t<\/div>\r\n<\/div><\/div>\r\n        <\/div>\r\n    <\/section>","protected":false},"excerpt":{"rendered":"<p>CH\u1ee8C N\u0102NG, NHI\u1ec6M V\u1ee4 V\u00c0 C\u00c1C \u0110\u01a0N V\u1eca THU\u1ed8C TRUNG T\u00c2M V\u1ecb tr\u00ed ph\u00e1p l\u00fdTrung t\u00e2m Nghi\u00ean c\u1ee9u Ph\u00e1t tri\u1ec3n Ch\u01b0\u01a1ng tr\u00ecnh v\u00e0 \u0110\u00e1nh gi\u00e1 gi\u00e1o d\u1ee5c (g\u1ecdi t\u1eaft l\u00e0 Trung t\u00e2m) l\u00e0 \u0111\u01a1n v\u1ecb nghi\u00ean c\u1ee9u thu\u1ed9c Vi\u1ec7n Khoa h\u1ecdc Gi\u00e1o d\u1ee5c Vi\u1ec7t Nam (VKHGDVN)T\u00ean giao d\u1ecbch b\u1eb1ng Ti\u1ebfng Anh: Research Center for Educational&#8230;.<\/p>","protected":false},"author":1,"featured_media":0,"parent":0,"menu_order":0,"comment_status":"closed","ping_status":"closed","template":"","meta":[],"_links":{"self":[{"href":"https:\/\/gesd.edu.vn\/en\/wp-json\/wp\/v2\/pages\/1011"}],"collection":[{"href":"https:\/\/gesd.edu.vn\/en\/wp-json\/wp\/v2\/pages"}],"about":[{"href":"https:\/\/gesd.edu.vn\/en\/wp-json\/wp\/v2\/types\/page"}],"author":[{"embeddable":true,"href":"https:\/\/gesd.edu.vn\/en\/wp-json\/wp\/v2\/users\/1"}],"replies":[{"embeddable":true,"href":"https:\/\/gesd.edu.vn\/en\/wp-json\/wp\/v2\/comments?post=1011"}],"version-history":[{"count":8,"href":"https:\/\/gesd.edu.vn\/en\/wp-json\/wp\/v2\/pages\/1011\/revisions"}],"predecessor-version":[{"id":3716,"href":"https:\/\/gesd.edu.vn\/en\/wp-json\/wp\/v2\/pages\/1011\/revisions\/3716"}],"wp:attachment":[{"href":"https:\/\/gesd.edu.vn\/en\/wp-json\/wp\/v2\/media?parent=1011"}],"curies":[{"name":"wp","href":"https:\/\/api.w.org\/{rel}","templated":true}]}}