{"id":1003,"date":"2020-11-16T14:33:49","date_gmt":"2020-11-16T14:33:49","guid":{"rendered":"http:\/\/52.76.64.37\/?page_id=1003"},"modified":"2021-11-15T09:40:38","modified_gmt":"2021-11-15T02:40:38","slug":"lich-su-hinh-thanh-va-phat-trien","status":"publish","type":"page","link":"https:\/\/gesd.edu.vn\/en\/lich-su-hinh-thanh-va-phat-trien\/","title":{"rendered":"L\u1ecbch s\u1eed h\u00ecnh th\u00e0nh v\u00e0 ph\u00e1t tri\u1ec3n"},"content":{"rendered":"<section  class=\"edmento-elm-section tg-haslayout  default\"  style=\"background-color:rgba(0,0,0,0);background-repeat:no-repeat;background-position:0% 100%; background-size: cover;\"  >\r\n        <div class=\"builder-items\">\r\n                        <div class=\"col-xs-12 col-md-8 builder-column\" >\r\n    \r\n<div class=\"sc-heading tg-haslayout\">\r\n\t\t\t<div class=\"tg-titleborder\">\r\n\t\t\t<h2>L\u1ecaCH S\u1eec H\u00ccNH TH\u00c0NH V\u00c0 PH\u00c1T TRI\u1ec2N<\/h2>\r\n\t\t<\/div>\r\n\t<\/div>\r\n<div class=\"sc-image tg-haslayout\">\r\n\t\t\t\r\n\t\t<figure>\r\n\t\t\t<img src=\"\/\/52.76.64.37\/wp-content\/uploads\/2020\/11\/image-19.jpg\" alt=\"image 19\">\r\n\t\t<\/figure>\r\n\t<\/div>\r\n\r\n\r\n<div class=\"clearfix\">\u00a0<\/div><div class=\"table-responsive\"><table class=\"table\"><tbody><tr><th>\u00a0<\/th><th class=\"text-center text-uppercase bg-primary\">B\u1ed9 Gi\u00e1o d\u1ee5c<\/th><th class=\"text-center text-uppercase bg-primary\">B\u1ed9 \u0110\u1ea1i h\u1ecdc v\u00e0 Trung h\u1ecdc Chuy\u00ean nghi\u1ec7p<\/th><th class=\"text-center text-uppercase bg-primary\">T\u1ed5ng c\u1ee5c D\u1ea1y ngh\u1ec1<\/th><\/tr><tr><td>1961<\/td><td>Th\u00e0nh l\u1eadp Vi\u1ec7n Nghi\u00ean c\u1ee9u Gi\u00e1o d\u1ee5c<\/td><td>\u00a0<\/td><td>\u00a0<\/td><\/tr><tr><td>1966<\/td><td>Vi\u1ec7n Nghi\u00ean c\u1ee9u Gi\u00e1o d\u1ee5c \u0111\u01b0\u1ee3c chia th\u00e0nh 2 vi\u1ec7n nh\u1ecf l\u00e0: - Vi\u1ec7n Nghi\u00ean c\u1ee9u Ch\u01b0\u01a1ng tr\u00ecnh v\u00e0 Ph\u01b0\u01a1ng ph\u00e1p; - Vi\u1ec7n Khoa h\u1ecdc Gi\u00e1o d\u1ee5c.<\/td><td>\u00a0<\/td><td>\u00a0<\/td><\/tr><tr><td>1971<\/td><td>Vi\u1ec7n Nghi\u00ean c\u1ee9u Ch\u01b0\u01a1ng tr\u00ecnh v\u00e0 Ph\u01b0\u01a1ng ph\u00e1p v\u00e0 Vi\u1ec7n Khoa h\u1ecdc Gi\u00e1o d\u1ee5c c\u00f9ng m\u1ed9t s\u1ed1 b\u1ed9 ph\u1eadn nghi\u00ean c\u1ee9u thu\u1ed9c B\u1ed9 Gi\u00e1o d\u1ee5c h\u1ee3p nh\u1ea5t th\u00e0nh Vi\u1ec7n Khoa h\u1ecdc Gi\u00e1o d\u1ee5c.<\/td><td>\u00a0<\/td><td>\u00a0<\/td><\/tr><tr><td>1977<\/td><td>\u00a0<\/td><td>Vi\u1ec7n Nghi\u00ean c\u1ee9u \u0110\u1ea1i h\u1ecdc v\u00e0 Trung h\u1ecdc Chuy\u00ean nghi\u1ec7p \u0111\u01b0\u1ee3c th\u00e0nh l\u1eadp<\/td><td>Vi\u1ec7n Nghi\u00ean c\u1ee9u Khoa h\u1ecdc D\u1ea1y ngh\u1ec1 \u0111\u01b0\u1ee3c th\u00e0nh l\u1eadp<\/td><\/tr><tr><td>1987<\/td><td>Vi\u1ec7n Khoa h\u1ecdc Gi\u00e1o d\u1ee5c Vi\u1ec7t Nam \u0111\u01b0\u1ee3c th\u00e0nh l\u1eadp tr\u00ean c\u01a1 s\u1edf h\u1ee3p nh\u1ea5t Vi\u1ec7n Khoa h\u1ecdc Gi\u00e1o d\u1ee5c v\u1edbi m\u1ed9t s\u1ed1 c\u01a1 quan nghi\u00ean c\u1ee9u kh\u00e1c c\u1ee7a B\u1ed9 Gi\u00e1o d\u1ee5c<\/td><td>\u00a0<\/td><td>\u00a0<\/td><\/tr><tr><th>\u00a0<\/th><th class=\"text-center text-uppercase bg-primary\">B\u1ed9 Gi\u00e1o d\u1ee5c<\/th><th class=\"text-center text-uppercase bg-primary\" colspan=\"2\">B\u1ed9 \u0110\u1ea1i h\u1ecdc, Trung h\u1ecdc Chuy\u00ean nghi\u1ec7p v\u00e0 D\u1ea1y ngh\u1ec1<\/th><\/tr><tr><td>1988<\/td><td>\u00a0<\/td><td colspan=\"2\">Vi\u1ec7n Nghi\u00ean c\u1ee9u \u0110\u1ea1i h\u1ecdc v\u00e0 Gi\u00e1o d\u1ee5c chuy\u00ean nghi\u1ec7p \u0111\u01b0\u1ee3c th\u00e0nh l\u1eadp tr\u00ean c\u01a1 s\u1edf s\u00e1p nh\u1eadp Vi\u1ec7n Nghi\u00ean c\u1ee9u \u0110\u1ea1i h\u1ecdc v\u00e0 Trung h\u1ecdc Chuy\u00ean nghi\u1ec7p v\u1edbi Vi\u1ec7n Nghi\u00ean c\u1ee9u Khoa h\u1ecdc D\u1ea1y ngh\u1ec1<\/td><\/tr><tr><th>\u00a0<\/th><th class=\"text-center text-uppercase bg-primary\" colspan=\"3\">B\u1ed9 Gi\u00e1o d\u1ee5c<\/th><\/tr><tr><td>1994<\/td><td>Vi\u1ec7n Khoa h\u1ecdc Gi\u00e1o d\u1ee5c Vi\u1ec7t Nam tr\u1edf l\u1ea1i t\u00ean c\u0169 l\u00e0 Vi\u1ec7n Khoa h\u1ecdc Gi\u00e1o d\u1ee5c<\/td><td colspan=\"2\">Vi\u1ec7n Nghi\u00ean c\u1ee9u \u0110\u1ea1i h\u1ecdc v\u00e0 Gi\u00e1o d\u1ee5c chuy\u00ean nghi\u1ec7p \u0111\u01b0\u1ee3c \u0111\u1ed5i t\u00ean l\u00e0 Vi\u1ec7n Nghi\u00ean c\u1ee9u Ph\u00e1t tri\u1ec3n Gi\u00e1o d\u1ee5c<\/td><\/tr><tr><td>2003<\/td><td colspan=\"3\">Vi\u1ec7n Chi\u1ebfn l\u01b0\u1ee3c v\u00e0 Ch\u01b0\u01a1ng tr\u00ecnh Gi\u00e1o d\u1ee5c \u0111\u01b0\u1ee3c th\u00e0nh l\u1eadp tr\u00ean c\u01a1 s\u1edf t\u1ed5 ch\u1ee9c l\u1ea1i hai vi\u1ec7n nghi\u00ean c\u1ee9u l\u00e0 Vi\u1ec7n Khoa h\u1ecdc Gi\u00e1o d\u1ee5c v\u00e0 Vi\u1ec7n Nghi\u00ean c\u1ee9u Ph\u00e1t tri\u1ec3n Gi\u00e1o d\u1ee5c<\/td><\/tr><tr><td>2008<\/td><td colspan=\"3\">Vi\u1ec7n Khoa h\u1ecdc Gi\u00e1o d\u1ee5c Vi\u1ec7t Nam \u0111\u01b0\u1ee3c th\u00e0nh l\u1eadp tr\u00ean c\u01a1 s\u1edf s\u00e1p nh\u1eadp Vi\u1ec7n Chi\u1ebfn l\u01b0\u1ee3c v\u00e0 Ch\u01b0\u01a1ng tr\u00ecnh Gi\u00e1o d\u1ee5c v\u1edbi m\u1ed9t s\u1ed1 c\u01a1 quan nghi\u00ean c\u1ee9u kh\u00e1c c\u1ee7a B\u1ed9 Gi\u00e1o d\u1ee5c v\u00e0 \u0110\u00e0o t\u1ea1o<\/td><\/tr><tr><td>2017<\/td><td colspan=\"3\">Vi\u1ec7n Khoa h\u1ecdc Gi\u00e1o d\u1ee5c Vi\u1ec7t Nam \u0111\u01b0\u1ee3c t\u1ed5 ch\u1ee9c l\u1ea1i v\u1edbi 16 \u0111\u01a1n v\u1ecb \u0111\u1ea7u m\u1ed1i g\u1ed3m: 03 Ph\u00f2ng ch\u1ee9c n\u0103ng, 05 Ban nghi\u00ean c\u1ee9u, 06 Trung t\u00e2m nghi\u00ean c\u1ee9u, th\u00f4ng tin, \u1ee9ng d\u1ee5ng KHGD, 01 T\u1ea1p ch\u00ed KHGDVN v\u00e0 01 Tr\u01b0\u1eddng Th\u1ef1c nghi\u1ec7m KHGD theo Quy\u1ebft \u0111\u1ecbnh s\u1ed1 5282\/Q\u0110-BGD\u0110T ng\u00e0y 11 th\u00e1ng 12 n\u0103m 2017 c\u1ee7a B\u1ed9 tr\u01b0\u1edfng B\u1ed9 GD&amp;\u0110T.<\/td><\/tr><\/tbody><\/table><\/div>\n<p>Tr\u1ea3i qua h\u01a1n 55 n\u0103m h\u00ecnh th\u00e0nh v\u00e0 ph\u00e1t tri\u1ec3n, qua nhi\u1ec1u l\u1ea7n chia t\u00e1ch, s\u00e1p nh\u1eadp, t\u1ed5 ch\u1ee9c l\u1ea1i, Vi\u1ec7n Khoa h\u1ecdc Gi\u00e1o d\u1ee5c Vi\u1ec7t Nam ng\u00e0y nay \u0111\u00e3 k\u1ebf th\u1eeba v\u00e0 ph\u00e1t huy c\u00e1c th\u00e0nh t\u1ef1u c\u1ee7a c\u00e1c Vi\u1ec7n nghi\u00ean c\u1ee9u ti\u1ec1n th\u00e2n, t\u1ea1o l\u1eadp c\u01a1 s\u1edf x\u00e2y d\u1ef1ng n\u1ec1n khoa h\u1ecdc gi\u00e1o d\u1ee5c Vi\u1ec7t Nam hi\u1ec7n \u0111\u1ea1i, ti\u00ean ti\u1ebfn, mang b\u1ea3n s\u1eafc d\u00e2n t\u1ed9c, g\u00f3p ph\u1ea7n gi\u1ea3i quy\u1ebft nh\u1eefng v\u1ea5n \u0111\u1ec1 l\u1edbn n\u1ea3y sinh trong th\u1ef1c ti\u1ec5n gi\u00e1o d\u1ee5c c\u1ee7a \u0111\u1ea5t n\u01b0\u1edbc trong th\u1eddi k\u00ec c\u00f4ng nghi\u1ec7p h\u00f3a, hi\u1ec7n \u0111\u1ea1i h\u00f3a v\u00e0 h\u1ed9i nh\u1eadp qu\u1ed1c t\u1ebf.<\/p><p>L\u00e0 c\u01a1 quan nghi\u00ean c\u1ee9u qu\u1ed1c gia, Vi\u1ec7n Khoa h\u1ecdc Gi\u00e1o d\u1ee5c Vi\u1ec7t Nam kh\u00f4ng ng\u1eebng ph\u1ea5n \u0111\u1ea5u \u0111\u1ec3 th\u1ef1c hi\u1ec7n t\u1ed1t ch\u1ee9c n\u0103ng, nhi\u1ec7m v\u1ee5 \u0111\u01b0\u1ee3c giao, t\u00edch c\u1ef1c tham gia v\u00e0o qu\u00e1 tr\u00ecnh \u0111\u1ed5i m\u1edbi, ph\u00e1t tri\u1ec3n gi\u00e1o d\u1ee5c c\u1ee7a \u0111\u1ea5t n\u01b0\u1edbc, \u0111\u1ed3ng th\u1eddi ch\u1ee7 \u0111\u1ed9ng \u0111i \u0111\u1ea7u trong vi\u1ec7c nghi\u00ean c\u1ee9u l\u00fd lu\u1eadn, t\u1ea1o c\u01a1 s\u1edf khoa h\u1ecdc cho c\u00e1c ch\u1ee7 tr\u01b0\u01a1ng, ch\u00ednh s\u00e1ch gi\u00e1o d\u1ee5c c\u1ee7a \u0110\u1ea3ng v\u00e0 Nh\u00e0 n\u01b0\u1edbc; th\u1ef1c hi\u1ec7n c\u00e1c nghi\u00ean c\u1ee9u v\u00e0 t\u01b0 v\u1ea5n v\u1ec1 quy ho\u1ea1ch ph\u00e1t tri\u1ec3n gi\u00e1o d\u1ee5c c\u1ee7a \u0111\u1ecba ph\u01b0\u01a1ng, chuy\u1ec3n giao k\u1ebft qu\u1ea3 nghi\u00ean c\u1ee9u, ki\u1ec3m \u0111\u1ecbnh, \u0111\u00e1nh gi\u00e1 ch\u1ea5t l\u01b0\u1ee3ng gi\u00e1o d\u1ee5c, d\u1ea1y h\u1ecdc; \u0111\u00e0o t\u1ea1o sau \u0111\u1ea1i h\u1ecdc; t\u0103ng c\u01b0\u1eddng h\u1ee3p t\u00e1c giao l\u01b0u v\u1edbi c\u00e1c c\u01a1 quan, t\u1ed5 ch\u1ee9c nghi\u00ean c\u1ee9u, c\u00e1c tr\u01b0\u1eddng \u0111\u1ea1i h\u1ecdc trong v\u00e0 ngo\u00e0i n\u01b0\u1edbc. Tr\u00ean c\u01a1 s\u1edf \u0111\u00f3, t\u1eebng b\u01b0\u1edbc \u0111\u00f3ng g\u00f3p thi\u1ebft th\u1ef1c, c\u00f3 hi\u1ec7u qu\u1ea3 v\u00e0o s\u1ef1 nghi\u1ec7p ph\u00e1t tri\u1ec3n gi\u00e1o d\u1ee5c n\u00f3i chung v\u00e0 x\u00e2y d\u1ef1ng n\u1ec1n khoa h\u1ecdc gi\u00e1o d\u1ee5c Vi\u1ec7t Nam n\u00f3i ri\u00eang.<\/p><p>Trong qu\u00e1 tr\u00ecnh x\u00e2y d\u1ef1ng v\u00e0 ph\u00e1t tri\u1ec3n, Vi\u1ec7n Khoa h\u1ecdc Gi\u00e1o d\u1ee5c Vi\u1ec7t Nam \u0111\u00e3 vinh d\u1ef1 \u0111\u01b0\u1ee3c trao t\u1eb7ng nhi\u1ec1u danh hi\u1ec7u cao qu\u00fd c\u1ee7a \u0110\u1ea3ng v\u00e0 Nh\u00e0 n\u01b0\u1edbc:<\/p><ul><li>Hu\u00e2n ch\u01b0\u01a1ng \u0110\u1ed9c l\u1eadp H\u1ea1ng Nh\u1ea5t: N\u0103m 2001<\/li><li>Hu\u00e2n ch\u01b0\u01a1ng \u0110\u1ed9c l\u1eadp H\u1ea1ng Nh\u00ec: N\u0103m 1996<\/li><li>Hu\u00e2n ch\u01b0\u01a1ng \u0110\u1ed9c l\u1eadp H\u1ea1ng Ba: N\u0103m 1991<\/li><li>Hu\u00e2n ch\u01b0\u01a1ng Lao \u0111\u1ed9ng H\u1ea1ng Nh\u1ea5t: N\u0103m 1986<\/li><li>Hu\u00e2n ch\u01b0\u01a1ng Lao \u0111\u1ed9ng H\u1ea1ng Nh\u00ec: N\u0103m 1981; N\u0103m 2002<\/li><li>Hu\u00e2n ch\u01b0\u01a1ng Lao \u0111\u1ed9ng H\u1ea1ng Ba: N\u0103m 1976; N\u0103m 1997; N\u0103m 2011<\/li><li>Hu\u00e2n ch\u01b0\u01a1ng Lao \u0111\u1ed9ng H\u1ea1ng Nh\u1ea5t: N\u0103m 2016.<\/li><\/ul><\/div>\r\n<div class=\"col-xs-12  col-md-4 builder-column\" >\r\n    \r\n<div class=\"sc-information tg-haslayout\">\r\n\t<div class=\"tg-noticeboardarea\">\r\n\t\t<div class=\"tg-widget tg-widgetadmissionform\">\r\n\t\t\t\t\t\t\t<div class=\"tg-widgetcontent\" style=background:#52b554>\r\n\t\t\t\t\t\t\t\t\t\t\t\t\t\t\t\t<div class=\"tg-description\">\r\n\t\t\t\t\t\t\t<p><img class=\"attachment-1140x289 size-1140x289\" src=\"http:\/\/52.76.64.37\/wp-content\/uploads\/2020\/11\/image-6.jpg\" alt=\"\" \/><\/p>\n<p>Th\u01b0 m\u1ee5c gi\u1edbi thi\u1ec7u t\u00e0i li\u1ec7u m\u1edbi s\u1ed1 2 n\u0103m 2020<\/p>\n\t\t\t\t\t\t<\/div>\r\n\t\t\t\t\t\t\r\n\t\t\t\t\t\t\t\t\t\t\t<a class=\"tg-btn tg-btnicon\" href=\"\/\/52.76.64.37\/wp-content\/uploads\/2017\/09\/result-1.pdf\">\r\n\t\t\t\t\t\t\t<i class=\"fa fa-file-pdf-o\"><\/i>\r\n\t\t\t\t\t\t\t<span>T\u1ea3i ngay<\/span>\r\n\t\t\t\t\t\t<\/a>\r\n\t\t\t\t\t\t\t\t\t<\/div>\r\n\t\t\t\t\t<\/div>\r\n\t<\/div>\r\n<\/div>\r\n<div class=\"sc-information tg-haslayout\">\r\n\t<div class=\"tg-noticeboardarea\">\r\n\t\t<div class=\"tg-widget tg-widgetadmissionform\">\r\n\t\t\t\t\t\t\t<div class=\"tg-widgetcontent\" style=background:#3575d3>\r\n\t\t\t\t\t\t\t\t\t\t\t\t\t\t\t\t<div class=\"tg-description\">\r\n\t\t\t\t\t\t\t<p><img class=\"attachment\" src=\"http:\/\/52.76.64.37\/wp-content\/uploads\/2020\/11\/image-5.jpg\" alt=\"\" \/><\/p>\n<div>T\u1eadp hu\u1ea5n \u201c Ph\u01b0\u01a1ng ph\u00e1p d\u1ea1y h\u1ecdc m\u00f4n Gi\u00e1o d\u1ee5c th\u1ec3 ch\u1ea5t c\u1ea5p Ti\u1ec3u h\u1ecdc theo Chi\u1ebfn l\u01b0\u1ee3c 6C\u201d<\/div>\n\t\t\t\t\t\t<\/div>\r\n\t\t\t\t\t\t\r\n\t\t\t\t\t\t\t\t\t<\/div>\r\n\t\t\t\t\t<\/div>\r\n\t<\/div>\r\n<\/div><\/div>\r\n        <\/div>\r\n    <\/section>","protected":false},"excerpt":{"rendered":"<p>L\u1ecaCH S\u1eec H\u00ccNH TH\u00c0NH V\u00c0 PH\u00c1T TRI\u1ec2N \u00a0\u00a0B\u1ed9 Gi\u00e1o d\u1ee5cB\u1ed9 \u0110\u1ea1i h\u1ecdc v\u00e0 Trung h\u1ecdc Chuy\u00ean nghi\u1ec7pT\u1ed5ng c\u1ee5c D\u1ea1y ngh\u1ec11961Th\u00e0nh l\u1eadp Vi\u1ec7n Nghi\u00ean c\u1ee9u Gi\u00e1o d\u1ee5c\u00a0\u00a01966Vi\u1ec7n Nghi\u00ean c\u1ee9u Gi\u00e1o d\u1ee5c \u0111\u01b0\u1ee3c chia th\u00e0nh 2 vi\u1ec7n nh\u1ecf l\u00e0: &#8211; Vi\u1ec7n Nghi\u00ean c\u1ee9u Ch\u01b0\u01a1ng tr\u00ecnh v\u00e0 Ph\u01b0\u01a1ng ph\u00e1p; &#8211; Vi\u1ec7n Khoa h\u1ecdc Gi\u00e1o d\u1ee5c.\u00a0\u00a01971Vi\u1ec7n Nghi\u00ean c\u1ee9u Ch\u01b0\u01a1ng&#8230;.<\/p>","protected":false},"author":1,"featured_media":0,"parent":0,"menu_order":0,"comment_status":"closed","ping_status":"closed","template":"","meta":[],"_links":{"self":[{"href":"https:\/\/gesd.edu.vn\/en\/wp-json\/wp\/v2\/pages\/1003"}],"collection":[{"href":"https:\/\/gesd.edu.vn\/en\/wp-json\/wp\/v2\/pages"}],"about":[{"href":"https:\/\/gesd.edu.vn\/en\/wp-json\/wp\/v2\/types\/page"}],"author":[{"embeddable":true,"href":"https:\/\/gesd.edu.vn\/en\/wp-json\/wp\/v2\/users\/1"}],"replies":[{"embeddable":true,"href":"https:\/\/gesd.edu.vn\/en\/wp-json\/wp\/v2\/comments?post=1003"}],"version-history":[{"count":7,"href":"https:\/\/gesd.edu.vn\/en\/wp-json\/wp\/v2\/pages\/1003\/revisions"}],"predecessor-version":[{"id":1405,"href":"https:\/\/gesd.edu.vn\/en\/wp-json\/wp\/v2\/pages\/1003\/revisions\/1405"}],"wp:attachment":[{"href":"https:\/\/gesd.edu.vn\/en\/wp-json\/wp\/v2\/media?parent=1003"}],"curies":[{"name":"wp","href":"https:\/\/api.w.org\/{rel}","templated":true}]}}